{"id":18062,"date":"2023-07-04T14:58:59","date_gmt":"2023-07-04T12:58:59","guid":{"rendered":"https:\/\/chateaudechantilly.fr\/nouveau-city-tour-grand-roissy-escales\/"},"modified":"2023-07-12T16:25:01","modified_gmt":"2023-07-12T14:25:01","slug":"nouveau-city-tour-grand-roissy-escales","status":"publish","type":"page","link":"https:\/\/chateaudechantilly.mdw.ovh\/en\/nouveau-city-tour-grand-roissy-escales\/","title":{"rendered":"New : City Tour Grand Roissy Escales"},"content":{"rendered":"\n<h2 class=\"wp-block-heading\">TAKE IN SOME CULTURE AT THE CH\u00c2TEAU DE CHANTILLY!<\/h2>\n\n\n\n<p class=\"has-drop-cap\">Visiting the region? From 5 July to 29 September 2023, take in some culture at the Ch\u00e2teau de Chantilly.<\/p>\n\n\n\n<div style=\"height:50px\" aria-hidden=\"true\" class=\"wp-block-spacer\"><\/div>\n\n\n\n<p>How do you make the most of a few hours or days in a town or region that\u2019s completely new to you? Which are the sites to explore close to your hotel? Where, when, and how? The <a href=\"https:\/\/officedetourismedugrandroissy.ellohaweb.com\/en-GB\/\" target=\"_blank\" rel=\"noreferrer noopener\">City Tour Grand Roissy Escales<\/a> has all the answers! Whatever the day of the week, including public holidays, booking a ticket for an unforgettable visit to the Ch\u00e2teau de Chantilly is easy. <\/p>\n\n\n\n<p>Join the City Tour Grand Roissy Escales for a self-guided tour of the ch\u00e2teau and the French-style gardens designed by Andr\u00e9 Le N\u00f4tre.<\/p>\n\n\n\n<p>Easy itineraries: fast booking, and buses that pick you up at fixed times and follow a pre-set route <\/p>\n\n\n\n<div style=\"height:30px\" aria-hidden=\"true\" class=\"wp-block-spacer\"><\/div>\n\n\n\n<h3 class=\"wp-block-heading\">Day trip : <\/h3>\n\n\n\n<div class=\"wp-block-buttons is-layout-flex wp-block-buttons-is-layout-flex\">\n<div class=\"wp-block-button is-style-outline is-style-outline--1\"><a class=\"wp-block-button__link wp-element-button\" href=\"https:\/\/officedetourismedugrandroissy.ellohaweb.com\/en-GB\/offers\/city-tour-full-day-thursday-departure-at-9-11-a-m-return-at-6-26-p-m-.html\" target=\"_blank\" rel=\"noreferrer noopener\">Departure 9.11 am\/Return 6.29pm<\/a><\/div>\n<\/div>\n\n\n\n<div style=\"height:50px\" aria-hidden=\"true\" class=\"wp-block-spacer\"><\/div>\n\n\n\n<h3 class=\"wp-block-heading\">Half-day trip : <\/h3>\n\n\n\n<div class=\"wp-block-buttons is-layout-flex wp-block-buttons-is-layout-flex\">\n<div class=\"wp-block-button is-style-outline is-style-outline--2\"><a class=\"wp-block-button__link wp-element-button\" href=\"https:\/\/officedetourismedugrandroissy.ellohaweb.com\/en-GB\/offers\/city-tour-afternoon-at-the-chateau-de-chantilly-departure-at-12-13-p-m-return-at-6-30-p-m-.html\" target=\"_blank\" rel=\"noreferrer noopener\">Departure 12.13 am\/Return 18.30 pm<\/a><\/div>\n\n\n\n<div class=\"wp-block-button is-style-outline is-style-outline--3\"><a class=\"wp-block-button__link wp-element-button\" href=\"https:\/\/officedetourismedugrandroissy.ellohaweb.com\/offres\/city-tour-demi-journee-au-chateau-de-chantilly-depart-a-13h29-retour-17h10.html\" target=\"_blank\" rel=\"noreferrer noopener\">Departure 13.29 am\/Return 17.10pm<\/a><\/div>\n<\/div>\n\n\n\n<div style=\"height:50px\" aria-hidden=\"true\" class=\"wp-block-spacer\"><\/div>\n\n\n\n<h3 class=\"wp-block-heading\">Find out more : <\/h3>\n\n\n\n<p><a href=\"https:\/\/officedetourismedugrandroissy.ellohaweb.com\/en-GB\/\" target=\"_blank\" rel=\"noreferrer noopener\">Book your City Tour<\/a><\/p>\n\n\n\n<p>Useful information <a href=\"https:\/\/chateaudechantilly.mdw.ovh\/app\/uploads\/2023\/07\/flyer_roissy-2023-en-1.pdf\" target=\"_blank\" rel=\"noreferrer noopener\">here<\/a><\/p>\n\n\n\n<p>Tour and visit times <a href=\"https:\/\/chateaudechantilly.mdw.ovh\/app\/uploads\/2023\/07\/brochure-horaires-en.pdf\" target=\"_blank\" rel=\"noreferrer noopener\">here<\/a><\/p>\n\n\n\n<div style=\"height:30px\" aria-hidden=\"true\" class=\"wp-block-spacer\"><\/div>\n\n\n\n<figure class=\"wp-block-embed is-type-video is-provider-youtube wp-block-embed-youtube wp-embed-aspect-16-9 wp-has-aspect-ratio\"><div class=\"wp-block-embed__wrapper\">\nhttps:\/\/www.youtube.com\/watch?v=qv2rGyt0U6U&#038;t=9s\n<\/div><\/figure>\n\n\n\n<div style=\"height:50px\" aria-hidden=\"true\" class=\"wp-block-spacer\"><\/div>\n\n\n\n<h3 class=\"wp-block-heading\">With support of: <\/h3>\n\n\n\n<figure class=\"wp-block-image size-full is-resized\"><a href=\"https:\/\/www.grand-roissy-tourisme.com\/\"><img loading=\"lazy\" decoding=\"async\" src=\"https:\/\/chateaudechantilly.fr\/app\/uploads\/2023\/07\/Logo_Roissy-CMJN-e1691568182349.jpg\" alt=\"\" class=\"wp-image-17963\" width=\"269\" height=\"100\" srcset=\"https:\/\/chateaudechantilly.mdw.ovh\/app\/uploads\/2023\/07\/Logo_Roissy-CMJN-e1691568182349.jpg 2500w, https:\/\/chateaudechantilly.mdw.ovh\/app\/uploads\/2023\/07\/Logo_Roissy-CMJN-e1691568182349-576x213.jpg 576w, https:\/\/chateaudechantilly.mdw.ovh\/app\/uploads\/2023\/07\/Logo_Roissy-CMJN-e1691568182349-768x284.jpg 768w, https:\/\/chateaudechantilly.mdw.ovh\/app\/uploads\/2023\/07\/Logo_Roissy-CMJN-e1691568182349-992x367.jpg 992w, https:\/\/chateaudechantilly.mdw.ovh\/app\/uploads\/2023\/07\/Logo_Roissy-CMJN-e1691568182349-1500x556.jpg 1500w\" sizes=\"auto, (max-width: 269px) 100vw, 269px\" \/><\/a><\/figure>\n","protected":false},"excerpt":{"rendered":"<p>TAKE IN SOME CULTURE AT THE CH\u00c2TEAU DE CHANTILLY! Visiting the region? From 5 July to 29 September 2023, take in some culture at the Ch\u00e2teau de Chantilly. How do you make the most of a few hours or days in a town or region that\u2019s completely new to you? Which are the sites to &hellip; <a href=\"https:\/\/chateaudechantilly.mdw.ovh\/en\/nouveau-city-tour-grand-roissy-escales\/\">Continued<\/a><\/p>\n","protected":false},"author":14,"featured_media":2026,"parent":0,"menu_order":0,"comment_status":"closed","ping_status":"closed","template":"","meta":{"_acf_changed":false,"footnotes":""},"class_list":["post-18062","page","type-page","status-publish","has-post-thumbnail","hentry"],"acf":[],"yoast_head":"<!-- This site is optimized with the Yoast SEO plugin v25.5 - https:\/\/yoast.com\/wordpress\/plugins\/seo\/ -->\n<title>New : City Tour Grand Roissy Escales - Ch\u00e2teau de Chantilly<\/title>\n<meta name=\"robots\" content=\"index, follow, max-snippet:-1, max-image-preview:large, max-video-preview:-1\" \/>\n<link rel=\"canonical\" href=\"https:\/\/chateaudechantilly.mdw.ovh\/?page_id=17852\" \/>\n<meta property=\"og:locale\" content=\"en_US\" \/>\n<meta property=\"og:type\" content=\"article\" \/>\n<meta property=\"og:title\" content=\"New : City Tour Grand Roissy Escales - Ch\u00e2teau de Chantilly\" \/>\n<meta property=\"og:description\" content=\"TAKE IN SOME CULTURE AT THE CH\u00c2TEAU DE CHANTILLY! Visiting the region? From 5 July to 29 September 2023, take in some culture at the Ch\u00e2teau de Chantilly. How do you make the most of a few hours or days in a town or region that\u2019s completely new to you? Which are the sites to &hellip; Continued\" \/>\n<meta property=\"og:url\" content=\"https:\/\/chateaudechantilly.mdw.ovh\/?page_id=17852\" \/>\n<meta property=\"og:site_name\" content=\"Ch\u00e2teau de Chantilly\" \/>\n<meta property=\"article:modified_time\" content=\"2023-07-12T14:25:01+00:00\" \/>\n<meta property=\"og:image\" content=\"https:\/\/chateaudechantilly.mdw.ovh\/app\/uploads\/2021\/04\/DOMAINE-DE-CHANTILLY_H6A2696-Copyright-Jerome-Houyvet-scaled.jpg\" \/>\n\t<meta property=\"og:image:width\" content=\"2560\" \/>\n\t<meta property=\"og:image:height\" content=\"1707\" \/>\n\t<meta property=\"og:image:type\" content=\"image\/jpeg\" \/>\n<meta name=\"twitter:card\" content=\"summary_large_image\" \/>\n<meta name=\"twitter:label1\" content=\"Est. reading time\" \/>\n\t<meta name=\"twitter:data1\" content=\"2 minutes\" \/>\n<script type=\"application\/ld+json\" class=\"yoast-schema-graph\">{\"@context\":\"https:\/\/schema.org\",\"@graph\":[{\"@type\":\"WebPage\",\"@id\":\"https:\/\/chateaudechantilly.mdw.ovh\/?page_id=17852\",\"url\":\"https:\/\/chateaudechantilly.mdw.ovh\/?page_id=17852\",\"name\":\"New : City Tour Grand Roissy Escales - Ch\u00e2teau de Chantilly\",\"isPartOf\":{\"@id\":\"https:\/\/chateaudechantilly.mdw.ovh\/#website\"},\"primaryImageOfPage\":{\"@id\":\"https:\/\/chateaudechantilly.mdw.ovh\/?page_id=17852#primaryimage\"},\"image\":{\"@id\":\"https:\/\/chateaudechantilly.mdw.ovh\/?page_id=17852#primaryimage\"},\"thumbnailUrl\":\"https:\/\/chateaudechantilly.mdw.ovh\/app\/uploads\/2021\/04\/DOMAINE-DE-CHANTILLY_H6A2696-Copyright-Jerome-Houyvet-scaled.jpg\",\"datePublished\":\"2023-07-04T12:58:59+00:00\",\"dateModified\":\"2023-07-12T14:25:01+00:00\",\"breadcrumb\":{\"@id\":\"https:\/\/chateaudechantilly.mdw.ovh\/?page_id=17852#breadcrumb\"},\"inLanguage\":\"en-US\",\"potentialAction\":[{\"@type\":\"ReadAction\",\"target\":[\"https:\/\/chateaudechantilly.mdw.ovh\/?page_id=17852\"]}]},{\"@type\":\"ImageObject\",\"inLanguage\":\"en-US\",\"@id\":\"https:\/\/chateaudechantilly.mdw.ovh\/?page_id=17852#primaryimage\",\"url\":\"https:\/\/chateaudechantilly.mdw.ovh\/app\/uploads\/2021\/04\/DOMAINE-DE-CHANTILLY_H6A2696-Copyright-Jerome-Houyvet-scaled.jpg\",\"contentUrl\":\"https:\/\/chateaudechantilly.mdw.ovh\/app\/uploads\/2021\/04\/DOMAINE-DE-CHANTILLY_H6A2696-Copyright-Jerome-Houyvet-scaled.jpg\",\"width\":2560,\"height\":1707,\"caption\":\"J\u00e9r\u00f4me Houyvet\"},{\"@type\":\"BreadcrumbList\",\"@id\":\"https:\/\/chateaudechantilly.mdw.ovh\/?page_id=17852#breadcrumb\",\"itemListElement\":[{\"@type\":\"ListItem\",\"position\":1,\"name\":\"Accueil\",\"item\":\"https:\/\/chateaudechantilly.mdw.ovh\/en\/\"},{\"@type\":\"ListItem\",\"position\":2,\"name\":\"New : City Tour Grand Roissy Escales\"}]},{\"@type\":\"WebSite\",\"@id\":\"https:\/\/chateaudechantilly.mdw.ovh\/#website\",\"url\":\"https:\/\/chateaudechantilly.mdw.ovh\/\",\"name\":\"Ch\u00e2teau de Chantilly\",\"description\":\"\",\"publisher\":{\"@id\":\"https:\/\/chateaudechantilly.mdw.ovh\/#organization\"},\"potentialAction\":[{\"@type\":\"SearchAction\",\"target\":{\"@type\":\"EntryPoint\",\"urlTemplate\":\"https:\/\/chateaudechantilly.mdw.ovh\/?s={search_term_string}\"},\"query-input\":{\"@type\":\"PropertyValueSpecification\",\"valueRequired\":true,\"valueName\":\"search_term_string\"}}],\"inLanguage\":\"en-US\"},{\"@type\":\"Organization\",\"@id\":\"https:\/\/chateaudechantilly.mdw.ovh\/#organization\",\"name\":\"Ch\u00e2teau de Chantilly\",\"url\":\"https:\/\/chateaudechantilly.mdw.ovh\/\",\"logo\":{\"@type\":\"ImageObject\",\"inLanguage\":\"en-US\",\"@id\":\"https:\/\/chateaudechantilly.mdw.ovh\/#\/schema\/logo\/image\/\",\"url\":\"https:\/\/chateaudechantilly.fr\/app\/uploads\/2020\/10\/Copyright-Sophie-Lloyd-Le-chateau-et-ses-douves-21.jpg\",\"contentUrl\":\"https:\/\/chateaudechantilly.fr\/app\/uploads\/2020\/10\/Copyright-Sophie-Lloyd-Le-chateau-et-ses-douves-21.jpg\",\"width\":1200,\"height\":800,\"caption\":\"Ch\u00e2teau de Chantilly\"},\"image\":{\"@id\":\"https:\/\/chateaudechantilly.mdw.ovh\/#\/schema\/logo\/image\/\"}}]}<\/script>\n<!-- \/ Yoast SEO plugin. -->","yoast_head_json":{"title":"New : City Tour Grand Roissy Escales - Ch\u00e2teau de Chantilly","robots":{"index":"index","follow":"follow","max-snippet":"max-snippet:-1","max-image-preview":"max-image-preview:large","max-video-preview":"max-video-preview:-1"},"canonical":"https:\/\/chateaudechantilly.mdw.ovh\/?page_id=17852","og_locale":"en_US","og_type":"article","og_title":"New : City Tour Grand Roissy Escales - Ch\u00e2teau de Chantilly","og_description":"TAKE IN SOME CULTURE AT THE CH\u00c2TEAU DE CHANTILLY! Visiting the region? From 5 July to 29 September 2023, take in some culture at the Ch\u00e2teau de Chantilly. How do you make the most of a few hours or days in a town or region that\u2019s completely new to you? Which are the sites to &hellip; Continued","og_url":"https:\/\/chateaudechantilly.mdw.ovh\/?page_id=17852","og_site_name":"Ch\u00e2teau de Chantilly","article_modified_time":"2023-07-12T14:25:01+00:00","og_image":[{"width":2560,"height":1707,"url":"https:\/\/chateaudechantilly.mdw.ovh\/app\/uploads\/2021\/04\/DOMAINE-DE-CHANTILLY_H6A2696-Copyright-Jerome-Houyvet-scaled.jpg","type":"image\/jpeg"}],"twitter_card":"summary_large_image","twitter_misc":{"Est. reading time":"2 minutes"},"schema":{"@context":"https:\/\/schema.org","@graph":[{"@type":"WebPage","@id":"https:\/\/chateaudechantilly.mdw.ovh\/?page_id=17852","url":"https:\/\/chateaudechantilly.mdw.ovh\/?page_id=17852","name":"New : City Tour Grand Roissy Escales - Ch\u00e2teau de Chantilly","isPartOf":{"@id":"https:\/\/chateaudechantilly.mdw.ovh\/#website"},"primaryImageOfPage":{"@id":"https:\/\/chateaudechantilly.mdw.ovh\/?page_id=17852#primaryimage"},"image":{"@id":"https:\/\/chateaudechantilly.mdw.ovh\/?page_id=17852#primaryimage"},"thumbnailUrl":"https:\/\/chateaudechantilly.mdw.ovh\/app\/uploads\/2021\/04\/DOMAINE-DE-CHANTILLY_H6A2696-Copyright-Jerome-Houyvet-scaled.jpg","datePublished":"2023-07-04T12:58:59+00:00","dateModified":"2023-07-12T14:25:01+00:00","breadcrumb":{"@id":"https:\/\/chateaudechantilly.mdw.ovh\/?page_id=17852#breadcrumb"},"inLanguage":"en-US","potentialAction":[{"@type":"ReadAction","target":["https:\/\/chateaudechantilly.mdw.ovh\/?page_id=17852"]}]},{"@type":"ImageObject","inLanguage":"en-US","@id":"https:\/\/chateaudechantilly.mdw.ovh\/?page_id=17852#primaryimage","url":"https:\/\/chateaudechantilly.mdw.ovh\/app\/uploads\/2021\/04\/DOMAINE-DE-CHANTILLY_H6A2696-Copyright-Jerome-Houyvet-scaled.jpg","contentUrl":"https:\/\/chateaudechantilly.mdw.ovh\/app\/uploads\/2021\/04\/DOMAINE-DE-CHANTILLY_H6A2696-Copyright-Jerome-Houyvet-scaled.jpg","width":2560,"height":1707,"caption":"J\u00e9r\u00f4me Houyvet"},{"@type":"BreadcrumbList","@id":"https:\/\/chateaudechantilly.mdw.ovh\/?page_id=17852#breadcrumb","itemListElement":[{"@type":"ListItem","position":1,"name":"Accueil","item":"https:\/\/chateaudechantilly.mdw.ovh\/en\/"},{"@type":"ListItem","position":2,"name":"New : City Tour Grand Roissy Escales"}]},{"@type":"WebSite","@id":"https:\/\/chateaudechantilly.mdw.ovh\/#website","url":"https:\/\/chateaudechantilly.mdw.ovh\/","name":"Ch\u00e2teau de Chantilly","description":"","publisher":{"@id":"https:\/\/chateaudechantilly.mdw.ovh\/#organization"},"potentialAction":[{"@type":"SearchAction","target":{"@type":"EntryPoint","urlTemplate":"https:\/\/chateaudechantilly.mdw.ovh\/?s={search_term_string}"},"query-input":{"@type":"PropertyValueSpecification","valueRequired":true,"valueName":"search_term_string"}}],"inLanguage":"en-US"},{"@type":"Organization","@id":"https:\/\/chateaudechantilly.mdw.ovh\/#organization","name":"Ch\u00e2teau de Chantilly","url":"https:\/\/chateaudechantilly.mdw.ovh\/","logo":{"@type":"ImageObject","inLanguage":"en-US","@id":"https:\/\/chateaudechantilly.mdw.ovh\/#\/schema\/logo\/image\/","url":"https:\/\/chateaudechantilly.fr\/app\/uploads\/2020\/10\/Copyright-Sophie-Lloyd-Le-chateau-et-ses-douves-21.jpg","contentUrl":"https:\/\/chateaudechantilly.fr\/app\/uploads\/2020\/10\/Copyright-Sophie-Lloyd-Le-chateau-et-ses-douves-21.jpg","width":1200,"height":800,"caption":"Ch\u00e2teau de Chantilly"},"image":{"@id":"https:\/\/chateaudechantilly.mdw.ovh\/#\/schema\/logo\/image\/"}}]}},"_links":{"self":[{"href":"https:\/\/chateaudechantilly.mdw.ovh\/en\/wp-json\/wp\/v2\/pages\/18062","targetHints":{"allow":["GET"]}}],"collection":[{"href":"https:\/\/chateaudechantilly.mdw.ovh\/en\/wp-json\/wp\/v2\/pages"}],"about":[{"href":"https:\/\/chateaudechantilly.mdw.ovh\/en\/wp-json\/wp\/v2\/types\/page"}],"author":[{"embeddable":true,"href":"https:\/\/chateaudechantilly.mdw.ovh\/en\/wp-json\/wp\/v2\/users\/14"}],"replies":[{"embeddable":true,"href":"https:\/\/chateaudechantilly.mdw.ovh\/en\/wp-json\/wp\/v2\/comments?post=18062"}],"version-history":[{"count":5,"href":"https:\/\/chateaudechantilly.mdw.ovh\/en\/wp-json\/wp\/v2\/pages\/18062\/revisions"}],"predecessor-version":[{"id":18104,"href":"https:\/\/chateaudechantilly.mdw.ovh\/en\/wp-json\/wp\/v2\/pages\/18062\/revisions\/18104"}],"wp:featuredmedia":[{"embeddable":true,"href":"https:\/\/chateaudechantilly.mdw.ovh\/en\/wp-json\/wp\/v2\/media\/2026"}],"wp:attachment":[{"href":"https:\/\/chateaudechantilly.mdw.ovh\/en\/wp-json\/wp\/v2\/media?parent=18062"}],"curies":[{"name":"wp","href":"https:\/\/api.w.org\/{rel}","templated":true}]}}