{"id":428,"date":"2020-07-08T09:10:18","date_gmt":"2020-07-08T07:10:18","guid":{"rendered":"http:\/\/chateaudechantilly.fr\/chercheurs\/"},"modified":"2022-04-07T10:36:22","modified_gmt":"2022-04-07T08:36:22","slug":"researchers","status":"publish","type":"page","link":"https:\/\/chateaudechantilly.mdw.ovh\/en\/researchers\/","title":{"rendered":"Researchers"},"content":{"rendered":"\n<h2 class=\"wp-block-heading\">Scientists and Researchers<\/h2>\n\n\n\n<div style=\"height:60px\" aria-hidden=\"true\" class=\"wp-block-spacer\"><\/div>\n\n\n\n<h3 class=\"wp-block-heading\">Cond\u00e9 Museum<\/h3>\n\n\n\n<p>Housed in the heart of the Ch\u00e2teau de Chantilly, the Cond\u00e9 Museum houses more than 830 paintings, 4,000 drawings, 5,000 prints, 1,700 old photographs, around 250 sculptures and more than 5,000 works of art.<\/p>\n\n\n\n<p>The Cond\u00e9 museum thus brings together an exceptional collection of paintings by Rapha\u00ebl, Clouet, Poussin, Watteau, Ingres, Delacroix and even Corot. Some of them are major works such as Raphael&#8217;s<em> Three Graces <\/em>or Poussin&#8217;s <em>The Massacre of the Innocents<\/em>.<\/p>\n\n\n\n<div class=\"wp-block-buttons is-content-justification-left is-layout-flex wp-block-buttons-is-layout-flex\">\n<div class=\"wp-block-button is-style-outline is-style-outline--1\"><a class=\"wp-block-button__link has-black-color has-white-background-color has-text-color has-background\" href=\"https:\/\/www.musee-conde.fr\/fr\/\" style=\"border-radius:2px\" target=\"_blank\" rel=\"noreferrer noopener\">See the collections online<\/a><\/div>\n<\/div>\n\n\n\n<div style=\"height:100px\" aria-hidden=\"true\" class=\"wp-block-spacer\"><\/div>\n\n\n\n<h3 class=\"wp-block-heading\">Library and Archives<\/h3>\n\n\n\n<p>The library and archives of the Cond\u00e9 de Chantilly museum preserve the rich collections of books and written documents assembled over the centuries by the lords of Chantilly, members of the families of Montmorency and Bourbon-Cond\u00e9, such as those acquired by the Duke of &#8216;Aumale in the 19th century. The old collections are supplemented by modern and contemporary documentary collections.<\/p>\n\n\n\n<div class=\"wp-block-buttons is-content-justification-left is-layout-flex wp-block-buttons-is-layout-flex\">\n<div class=\"wp-block-button is-style-outline is-style-outline--2\"><a class=\"wp-block-button__link has-black-color has-white-background-color has-text-color has-background\" href=\"https:\/\/www.bibliotheque-conde.fr\/\" style=\"border-radius:2px\" target=\"_blank\" rel=\"noreferrer noopener\">See the collections online<\/a><\/div>\n<\/div>\n\n\n\n<div style=\"height:50px\" aria-hidden=\"true\" class=\"wp-block-spacer\"><\/div>\n\n\n\n<h4 class=\"wp-block-heading\"><strong>The reading room<\/strong>         <\/h4>\n\n\n\n<p>The result of the Duke of Aumale&#8217;s desire to encourage the study of his collections, the chateau&#8217;s reading room welcomes some three hundred researchers each year. There continues the work of Henri d&#8217;Orl\u00e9ans, author of a monumental <em>Histoire des princes de Cond\u00e9<\/em>, who surrounded himself with the greatest scholars of his time.<\/p>\n\n\n\n<p>Readers are welcomed free of charge, by appointment, in an exceptional setting, overlooking the garden of the Aviary and marked by the Duke of Aumale&#8217;s taste for hunting. Researchers are admitted regardless of their profile: academics, heritage professionals, but also students or amateurs keen on genealogy or curious about the history of their region. A third of the readers are foreigners, proof of the international influence of the library&#8217;s collections.<\/p>\n\n\n\n<p>The teams document the history of the works and of the castle. They are continuing the work of inventorying and identifying old collections in order to make them better known. This is accompanied by restoration and exhibition programs. Each year, new documents are also digitized and put online, always with the prospect of being accessible to everyone.<\/p>\n\n\n\n<div style=\"height:30px\" aria-hidden=\"true\" class=\"wp-block-spacer\"><\/div>\n\n\n\n<h4 class=\"wp-block-heading\">In practice :         <\/h4>\n\n\n\n<ul class=\"wp-block-list\"><li>The reading room is open <strong>Mondays, Wednesdays, Thursdays and Fridays from 9.15 a.m. to 5 p.m.<\/strong><\/li><li>The visit of readers is subject to prior reservation by email on: <a href=\"mailto:bibliotheque@chateaudechantilly.fr\">bibliotheque@chateaudechantilly.fr<\/a><\/li><li>For more information and an overview of the collections, visit <a href=\"https:\/\/www.bibliotheque-conde.fr\/\" target=\"_blank\" rel=\"noreferrer noopener\">the library website<\/a>.<\/li><\/ul>\n","protected":false},"excerpt":{"rendered":"<p>Scientists and Researchers Cond\u00e9 Museum Housed in the heart of the Ch\u00e2teau de Chantilly, the Cond\u00e9 Museum houses more than 830 paintings, 4,000 drawings, 5,000 prints, 1,700 old photographs, around 250 sculptures and more than 5,000 works of art. The Cond\u00e9 museum thus brings together an exceptional collection of paintings by Rapha\u00ebl, Clouet, Poussin, Watteau, &hellip; <a href=\"https:\/\/chateaudechantilly.mdw.ovh\/en\/researchers\/\">Continued<\/a><\/p>\n","protected":false},"author":3,"featured_media":2304,"parent":0,"menu_order":0,"comment_status":"closed","ping_status":"closed","template":"","meta":{"_acf_changed":false,"footnotes":""},"class_list":["post-428","page","type-page","status-publish","has-post-thumbnail","hentry"],"acf":[],"yoast_head":"<!-- This site is optimized with the Yoast SEO plugin v25.5 - https:\/\/yoast.com\/wordpress\/plugins\/seo\/ -->\n<title>Researchers - Ch\u00e2teau de Chantilly<\/title>\n<meta name=\"robots\" content=\"index, follow, max-snippet:-1, max-image-preview:large, max-video-preview:-1\" \/>\n<link rel=\"canonical\" href=\"https:\/\/chateaudechantilly.mdw.ovh\/scientifiques-et-chercheurs\/\" \/>\n<meta property=\"og:locale\" content=\"en_US\" \/>\n<meta property=\"og:type\" content=\"article\" \/>\n<meta property=\"og:title\" content=\"Researchers - Ch\u00e2teau de Chantilly\" \/>\n<meta property=\"og:description\" content=\"Scientists and Researchers Cond\u00e9 Museum Housed in the heart of the Ch\u00e2teau de Chantilly, the Cond\u00e9 Museum houses more than 830 paintings, 4,000 drawings, 5,000 prints, 1,700 old photographs, around 250 sculptures and more than 5,000 works of art. The Cond\u00e9 museum thus brings together an exceptional collection of paintings by Rapha\u00ebl, Clouet, Poussin, Watteau, &hellip; Continued\" \/>\n<meta property=\"og:url\" content=\"https:\/\/chateaudechantilly.mdw.ovh\/scientifiques-et-chercheurs\/\" \/>\n<meta property=\"og:site_name\" content=\"Ch\u00e2teau de Chantilly\" \/>\n<meta property=\"article:modified_time\" content=\"2022-04-07T08:36:22+00:00\" \/>\n<meta property=\"og:image\" content=\"https:\/\/chateaudechantilly.mdw.ovh\/app\/uploads\/2021\/04\/DSC_5915-scaled.jpg\" \/>\n\t<meta property=\"og:image:width\" content=\"2560\" \/>\n\t<meta property=\"og:image:height\" content=\"1709\" \/>\n\t<meta property=\"og:image:type\" content=\"image\/jpeg\" \/>\n<meta name=\"twitter:card\" content=\"summary_large_image\" \/>\n<meta name=\"twitter:label1\" content=\"Est. reading time\" \/>\n\t<meta name=\"twitter:data1\" content=\"2 minutes\" \/>\n<script type=\"application\/ld+json\" class=\"yoast-schema-graph\">{\"@context\":\"https:\/\/schema.org\",\"@graph\":[{\"@type\":\"WebPage\",\"@id\":\"https:\/\/chateaudechantilly.mdw.ovh\/scientifiques-et-chercheurs\/\",\"url\":\"https:\/\/chateaudechantilly.mdw.ovh\/scientifiques-et-chercheurs\/\",\"name\":\"Researchers - Ch\u00e2teau de Chantilly\",\"isPartOf\":{\"@id\":\"https:\/\/chateaudechantilly.mdw.ovh\/#website\"},\"primaryImageOfPage\":{\"@id\":\"https:\/\/chateaudechantilly.mdw.ovh\/scientifiques-et-chercheurs\/#primaryimage\"},\"image\":{\"@id\":\"https:\/\/chateaudechantilly.mdw.ovh\/scientifiques-et-chercheurs\/#primaryimage\"},\"thumbnailUrl\":\"https:\/\/chateaudechantilly.mdw.ovh\/app\/uploads\/2021\/04\/DSC_5915-scaled.jpg\",\"datePublished\":\"2020-07-08T07:10:18+00:00\",\"dateModified\":\"2022-04-07T08:36:22+00:00\",\"breadcrumb\":{\"@id\":\"https:\/\/chateaudechantilly.mdw.ovh\/scientifiques-et-chercheurs\/#breadcrumb\"},\"inLanguage\":\"en-US\",\"potentialAction\":[{\"@type\":\"ReadAction\",\"target\":[\"https:\/\/chateaudechantilly.mdw.ovh\/scientifiques-et-chercheurs\/\"]}]},{\"@type\":\"ImageObject\",\"inLanguage\":\"en-US\",\"@id\":\"https:\/\/chateaudechantilly.mdw.ovh\/scientifiques-et-chercheurs\/#primaryimage\",\"url\":\"https:\/\/chateaudechantilly.mdw.ovh\/app\/uploads\/2021\/04\/DSC_5915-scaled.jpg\",\"contentUrl\":\"https:\/\/chateaudechantilly.mdw.ovh\/app\/uploads\/2021\/04\/DSC_5915-scaled.jpg\",\"width\":2560,\"height\":1709,\"caption\":\"Marc Walter\"},{\"@type\":\"BreadcrumbList\",\"@id\":\"https:\/\/chateaudechantilly.mdw.ovh\/scientifiques-et-chercheurs\/#breadcrumb\",\"itemListElement\":[{\"@type\":\"ListItem\",\"position\":1,\"name\":\"Accueil\",\"item\":\"https:\/\/chateaudechantilly.mdw.ovh\/en\/\"},{\"@type\":\"ListItem\",\"position\":2,\"name\":\"Researchers\"}]},{\"@type\":\"WebSite\",\"@id\":\"https:\/\/chateaudechantilly.mdw.ovh\/#website\",\"url\":\"https:\/\/chateaudechantilly.mdw.ovh\/\",\"name\":\"Ch\u00e2teau de Chantilly\",\"description\":\"\",\"publisher\":{\"@id\":\"https:\/\/chateaudechantilly.mdw.ovh\/#organization\"},\"potentialAction\":[{\"@type\":\"SearchAction\",\"target\":{\"@type\":\"EntryPoint\",\"urlTemplate\":\"https:\/\/chateaudechantilly.mdw.ovh\/?s={search_term_string}\"},\"query-input\":{\"@type\":\"PropertyValueSpecification\",\"valueRequired\":true,\"valueName\":\"search_term_string\"}}],\"inLanguage\":\"en-US\"},{\"@type\":\"Organization\",\"@id\":\"https:\/\/chateaudechantilly.mdw.ovh\/#organization\",\"name\":\"Ch\u00e2teau de Chantilly\",\"url\":\"https:\/\/chateaudechantilly.mdw.ovh\/\",\"logo\":{\"@type\":\"ImageObject\",\"inLanguage\":\"en-US\",\"@id\":\"https:\/\/chateaudechantilly.mdw.ovh\/#\/schema\/logo\/image\/\",\"url\":\"https:\/\/chateaudechantilly.fr\/app\/uploads\/2020\/10\/Copyright-Sophie-Lloyd-Le-chateau-et-ses-douves-21.jpg\",\"contentUrl\":\"https:\/\/chateaudechantilly.fr\/app\/uploads\/2020\/10\/Copyright-Sophie-Lloyd-Le-chateau-et-ses-douves-21.jpg\",\"width\":1200,\"height\":800,\"caption\":\"Ch\u00e2teau de Chantilly\"},\"image\":{\"@id\":\"https:\/\/chateaudechantilly.mdw.ovh\/#\/schema\/logo\/image\/\"}}]}<\/script>\n<!-- \/ Yoast SEO plugin. -->","yoast_head_json":{"title":"Researchers - Ch\u00e2teau de Chantilly","robots":{"index":"index","follow":"follow","max-snippet":"max-snippet:-1","max-image-preview":"max-image-preview:large","max-video-preview":"max-video-preview:-1"},"canonical":"https:\/\/chateaudechantilly.mdw.ovh\/scientifiques-et-chercheurs\/","og_locale":"en_US","og_type":"article","og_title":"Researchers - Ch\u00e2teau de Chantilly","og_description":"Scientists and Researchers Cond\u00e9 Museum Housed in the heart of the Ch\u00e2teau de Chantilly, the Cond\u00e9 Museum houses more than 830 paintings, 4,000 drawings, 5,000 prints, 1,700 old photographs, around 250 sculptures and more than 5,000 works of art. The Cond\u00e9 museum thus brings together an exceptional collection of paintings by Rapha\u00ebl, Clouet, Poussin, Watteau, &hellip; Continued","og_url":"https:\/\/chateaudechantilly.mdw.ovh\/scientifiques-et-chercheurs\/","og_site_name":"Ch\u00e2teau de Chantilly","article_modified_time":"2022-04-07T08:36:22+00:00","og_image":[{"width":2560,"height":1709,"url":"https:\/\/chateaudechantilly.mdw.ovh\/app\/uploads\/2021\/04\/DSC_5915-scaled.jpg","type":"image\/jpeg"}],"twitter_card":"summary_large_image","twitter_misc":{"Est. reading time":"2 minutes"},"schema":{"@context":"https:\/\/schema.org","@graph":[{"@type":"WebPage","@id":"https:\/\/chateaudechantilly.mdw.ovh\/scientifiques-et-chercheurs\/","url":"https:\/\/chateaudechantilly.mdw.ovh\/scientifiques-et-chercheurs\/","name":"Researchers - Ch\u00e2teau de Chantilly","isPartOf":{"@id":"https:\/\/chateaudechantilly.mdw.ovh\/#website"},"primaryImageOfPage":{"@id":"https:\/\/chateaudechantilly.mdw.ovh\/scientifiques-et-chercheurs\/#primaryimage"},"image":{"@id":"https:\/\/chateaudechantilly.mdw.ovh\/scientifiques-et-chercheurs\/#primaryimage"},"thumbnailUrl":"https:\/\/chateaudechantilly.mdw.ovh\/app\/uploads\/2021\/04\/DSC_5915-scaled.jpg","datePublished":"2020-07-08T07:10:18+00:00","dateModified":"2022-04-07T08:36:22+00:00","breadcrumb":{"@id":"https:\/\/chateaudechantilly.mdw.ovh\/scientifiques-et-chercheurs\/#breadcrumb"},"inLanguage":"en-US","potentialAction":[{"@type":"ReadAction","target":["https:\/\/chateaudechantilly.mdw.ovh\/scientifiques-et-chercheurs\/"]}]},{"@type":"ImageObject","inLanguage":"en-US","@id":"https:\/\/chateaudechantilly.mdw.ovh\/scientifiques-et-chercheurs\/#primaryimage","url":"https:\/\/chateaudechantilly.mdw.ovh\/app\/uploads\/2021\/04\/DSC_5915-scaled.jpg","contentUrl":"https:\/\/chateaudechantilly.mdw.ovh\/app\/uploads\/2021\/04\/DSC_5915-scaled.jpg","width":2560,"height":1709,"caption":"Marc Walter"},{"@type":"BreadcrumbList","@id":"https:\/\/chateaudechantilly.mdw.ovh\/scientifiques-et-chercheurs\/#breadcrumb","itemListElement":[{"@type":"ListItem","position":1,"name":"Accueil","item":"https:\/\/chateaudechantilly.mdw.ovh\/en\/"},{"@type":"ListItem","position":2,"name":"Researchers"}]},{"@type":"WebSite","@id":"https:\/\/chateaudechantilly.mdw.ovh\/#website","url":"https:\/\/chateaudechantilly.mdw.ovh\/","name":"Ch\u00e2teau de Chantilly","description":"","publisher":{"@id":"https:\/\/chateaudechantilly.mdw.ovh\/#organization"},"potentialAction":[{"@type":"SearchAction","target":{"@type":"EntryPoint","urlTemplate":"https:\/\/chateaudechantilly.mdw.ovh\/?s={search_term_string}"},"query-input":{"@type":"PropertyValueSpecification","valueRequired":true,"valueName":"search_term_string"}}],"inLanguage":"en-US"},{"@type":"Organization","@id":"https:\/\/chateaudechantilly.mdw.ovh\/#organization","name":"Ch\u00e2teau de Chantilly","url":"https:\/\/chateaudechantilly.mdw.ovh\/","logo":{"@type":"ImageObject","inLanguage":"en-US","@id":"https:\/\/chateaudechantilly.mdw.ovh\/#\/schema\/logo\/image\/","url":"https:\/\/chateaudechantilly.fr\/app\/uploads\/2020\/10\/Copyright-Sophie-Lloyd-Le-chateau-et-ses-douves-21.jpg","contentUrl":"https:\/\/chateaudechantilly.fr\/app\/uploads\/2020\/10\/Copyright-Sophie-Lloyd-Le-chateau-et-ses-douves-21.jpg","width":1200,"height":800,"caption":"Ch\u00e2teau de Chantilly"},"image":{"@id":"https:\/\/chateaudechantilly.mdw.ovh\/#\/schema\/logo\/image\/"}}]}},"_links":{"self":[{"href":"https:\/\/chateaudechantilly.mdw.ovh\/en\/wp-json\/wp\/v2\/pages\/428","targetHints":{"allow":["GET"]}}],"collection":[{"href":"https:\/\/chateaudechantilly.mdw.ovh\/en\/wp-json\/wp\/v2\/pages"}],"about":[{"href":"https:\/\/chateaudechantilly.mdw.ovh\/en\/wp-json\/wp\/v2\/types\/page"}],"author":[{"embeddable":true,"href":"https:\/\/chateaudechantilly.mdw.ovh\/en\/wp-json\/wp\/v2\/users\/3"}],"replies":[{"embeddable":true,"href":"https:\/\/chateaudechantilly.mdw.ovh\/en\/wp-json\/wp\/v2\/comments?post=428"}],"version-history":[{"count":16,"href":"https:\/\/chateaudechantilly.mdw.ovh\/en\/wp-json\/wp\/v2\/pages\/428\/revisions"}],"predecessor-version":[{"id":11597,"href":"https:\/\/chateaudechantilly.mdw.ovh\/en\/wp-json\/wp\/v2\/pages\/428\/revisions\/11597"}],"wp:featuredmedia":[{"embeddable":true,"href":"https:\/\/chateaudechantilly.mdw.ovh\/en\/wp-json\/wp\/v2\/media\/2304"}],"wp:attachment":[{"href":"https:\/\/chateaudechantilly.mdw.ovh\/en\/wp-json\/wp\/v2\/media?parent=428"}],"curies":[{"name":"wp","href":"https:\/\/api.w.org\/{rel}","templated":true}]}}