{"id":431,"date":"2020-05-29T10:40:30","date_gmt":"2020-05-29T08:40:30","guid":{"rendered":"http:\/\/chateaudechantilly.fr\/mentionslegales\/"},"modified":"2023-08-16T10:49:29","modified_gmt":"2023-08-16T08:49:29","slug":"mentions-legales","status":"publish","type":"page","link":"https:\/\/chateaudechantilly.mdw.ovh\/en\/mentions-legales\/","title":{"rendered":"Mentions L\u00e9gales"},"content":{"rendered":"<p>Domaine de Chantilly &#8211; Fondation d&#8217;Aumale<br \/>\n17, rue du Conn\u00e9table 60500 Chantilly<br \/>\nT\u00e9l.&nbsp;: 03 44 57 31 59 \/ 60<\/p>\n<h4>Directeur de publication<\/h4>\n<p>Service communication du Ch\u00e2teau de Chantilly<\/p>\n<h4>Conception et r\u00e9alisation du site internet<strong><br \/>\n<\/strong><\/h4>\n<p>MozArtsduWeb &#8211; Agence Web \u00e0 Chantilly<br \/>\n73 Rue du Conn\u00e9table &#8211; 60500<br \/>\n<a href=\"https:\/\/mozartsduweb.com\">https:\/\/mozartsduweb.com<\/a><\/p>\n<h4>H\u00e9bergement du site<\/h4>\n<p>Le site www.chateaudechantilly.fr et sa base de donn\u00e9es sont h\u00e9berg\u00e9s par :<br \/>\nOVH SAS \u2013&nbsp;2 rue Kellermann \u2013 59100 Roubaix \u2013 France \u2013&nbsp;+33 9 72 10 10 07<\/p>\n<h4>Cookies<\/h4>\n<p>La reproduction, l\u2019extraction, l\u2019exploitation, l\u2019utilisation, m\u00eame partielle, de donn\u00e9es pr\u00e9sentent sur le site www.chateaudechantilly.fr est interdite sans autorisation pr\u00e9alable.<br \/>\nLe Ch\u00e2teau de Chantilly vous informe que lors de la consultation du site, des informations relatives \u00e0 la navigation de votre terminal sont susceptibles d\u2019\u00eatre enregistr\u00e9es dans des \u00ab cookies \u00bb sous r\u00e9serve des param\u00e8tres concernant les cookies dans votre navigateur. Ces param\u00e8tres sont modifiables \u00e0 tous moments.<br \/>\nCes informations permettent d\u2019\u00e9tablir des statistiques, volumes de fr\u00e9quentation et utilisations des divers \u00e9l\u00e9ments composant le site. Ces donn\u00e9es permettent l\u2019am\u00e9lioration de l\u2019ergonomie et des services en fonction des int\u00e9r\u00eats de l\u2019utilisateur.<br \/>\nPour la gestion des cookies et de vos choix, la configuration de chaque navigateur est diff\u00e9rente. Elle est d\u00e9crite dans le menu d\u2019aide de votre navigateur, qui vous permettra de savoir de quelle mani\u00e8re modifier vos souhaits en mati\u00e8re de cookies. Tout param\u00e9trage que vous pouvez entreprendre sera susceptible de modifier votre navigation sur Internet et vos conditions d\u2019acc\u00e8s \u00e0 certains services n\u00e9cessitant l\u2019utilisation de Cookies.<\/p>\n<p>\u2013&nbsp;&nbsp;&nbsp; Internet Explorer\u2122 :&nbsp;http:\/\/bit.ly\/1wC0qdI<br \/>\n\u2013&nbsp;&nbsp;&nbsp; Chrome\u2122&nbsp;:&nbsp;http:\/\/bit.ly\/1DFNrfK<br \/>\n\u2013&nbsp;&nbsp;&nbsp; Firefox\u2122 :&nbsp;http:\/\/mzl.la\/1IylU0Q<br \/>\nPour tout autre navigateur non mentionn\u00e9 ci-dessus, n\u2019h\u00e9sitez pas \u00e0 consulter les aides de gestions des cookies disponibles sur internet.<\/p>\n","protected":false},"excerpt":{"rendered":"<p>Domaine de Chantilly &#8211; Fondation d&#8217;Aumale 17, rue du Conn\u00e9table 60500 Chantilly T\u00e9l.&nbsp;: 03 44 57 31 59 \/ 60 Directeur de publication Service communication du Ch\u00e2teau de Chantilly Conception et r\u00e9alisation du site internet MozArtsduWeb &#8211; Agence Web \u00e0 Chantilly 73 Rue du Conn\u00e9table &#8211; 60500 https:\/\/mozartsduweb.com H\u00e9bergement du site Le site www.chateaudechantilly.fr et &hellip; <a href=\"https:\/\/chateaudechantilly.mdw.ovh\/en\/mentions-legales\/\">Continued<\/a><\/p>\n","protected":false},"author":3,"featured_media":0,"parent":0,"menu_order":0,"comment_status":"closed","ping_status":"closed","template":"","meta":{"_acf_changed":false,"footnotes":""},"class_list":["post-431","page","type-page","status-publish","hentry"],"acf":[],"yoast_head":"<!-- This site is optimized with the Yoast SEO plugin v25.5 - https:\/\/yoast.com\/wordpress\/plugins\/seo\/ -->\n<title>Mentions L\u00e9gales - Ch\u00e2teau de Chantilly<\/title>\n<meta name=\"robots\" content=\"index, follow, max-snippet:-1, max-image-preview:large, max-video-preview:-1\" \/>\n<link rel=\"canonical\" href=\"https:\/\/chateaudechantilly.mdw.ovh\/en\/mentions-legales\/\" \/>\n<meta property=\"og:locale\" content=\"en_US\" \/>\n<meta property=\"og:type\" content=\"article\" \/>\n<meta property=\"og:title\" content=\"Mentions L\u00e9gales - Ch\u00e2teau de Chantilly\" \/>\n<meta property=\"og:description\" content=\"Domaine de Chantilly &#8211; Fondation d&#8217;Aumale 17, rue du Conn\u00e9table 60500 Chantilly T\u00e9l.&nbsp;: 03 44 57 31 59 \/ 60 Directeur de publication Service communication du Ch\u00e2teau de Chantilly Conception et r\u00e9alisation du site internet MozArtsduWeb &#8211; Agence Web \u00e0 Chantilly 73 Rue du Conn\u00e9table &#8211; 60500 https:\/\/mozartsduweb.com H\u00e9bergement du site Le site www.chateaudechantilly.fr et &hellip; Continued\" \/>\n<meta property=\"og:url\" content=\"https:\/\/chateaudechantilly.mdw.ovh\/en\/mentions-legales\/\" \/>\n<meta property=\"og:site_name\" content=\"Ch\u00e2teau de Chantilly\" \/>\n<meta property=\"article:modified_time\" content=\"2023-08-16T08:49:29+00:00\" \/>\n<meta name=\"twitter:card\" content=\"summary_large_image\" \/>\n<meta name=\"twitter:label1\" content=\"Est. reading time\" \/>\n\t<meta name=\"twitter:data1\" content=\"2 minutes\" \/>\n<script type=\"application\/ld+json\" class=\"yoast-schema-graph\">{\"@context\":\"https:\/\/schema.org\",\"@graph\":[{\"@type\":\"WebPage\",\"@id\":\"https:\/\/chateaudechantilly.mdw.ovh\/en\/mentions-legales\/\",\"url\":\"https:\/\/chateaudechantilly.mdw.ovh\/en\/mentions-legales\/\",\"name\":\"Mentions L\u00e9gales - Ch\u00e2teau de Chantilly\",\"isPartOf\":{\"@id\":\"https:\/\/chateaudechantilly.mdw.ovh\/#website\"},\"datePublished\":\"2020-05-29T08:40:30+00:00\",\"dateModified\":\"2023-08-16T08:49:29+00:00\",\"breadcrumb\":{\"@id\":\"https:\/\/chateaudechantilly.mdw.ovh\/en\/mentions-legales\/#breadcrumb\"},\"inLanguage\":\"en-US\",\"potentialAction\":[{\"@type\":\"ReadAction\",\"target\":[\"https:\/\/chateaudechantilly.mdw.ovh\/en\/mentions-legales\/\"]}]},{\"@type\":\"BreadcrumbList\",\"@id\":\"https:\/\/chateaudechantilly.mdw.ovh\/en\/mentions-legales\/#breadcrumb\",\"itemListElement\":[{\"@type\":\"ListItem\",\"position\":1,\"name\":\"Accueil\",\"item\":\"https:\/\/chateaudechantilly.mdw.ovh\/en\/\"},{\"@type\":\"ListItem\",\"position\":2,\"name\":\"Mentions L\u00e9gales\"}]},{\"@type\":\"WebSite\",\"@id\":\"https:\/\/chateaudechantilly.mdw.ovh\/#website\",\"url\":\"https:\/\/chateaudechantilly.mdw.ovh\/\",\"name\":\"Ch\u00e2teau de Chantilly\",\"description\":\"\",\"publisher\":{\"@id\":\"https:\/\/chateaudechantilly.mdw.ovh\/#organization\"},\"potentialAction\":[{\"@type\":\"SearchAction\",\"target\":{\"@type\":\"EntryPoint\",\"urlTemplate\":\"https:\/\/chateaudechantilly.mdw.ovh\/?s={search_term_string}\"},\"query-input\":{\"@type\":\"PropertyValueSpecification\",\"valueRequired\":true,\"valueName\":\"search_term_string\"}}],\"inLanguage\":\"en-US\"},{\"@type\":\"Organization\",\"@id\":\"https:\/\/chateaudechantilly.mdw.ovh\/#organization\",\"name\":\"Ch\u00e2teau de Chantilly\",\"url\":\"https:\/\/chateaudechantilly.mdw.ovh\/\",\"logo\":{\"@type\":\"ImageObject\",\"inLanguage\":\"en-US\",\"@id\":\"https:\/\/chateaudechantilly.mdw.ovh\/#\/schema\/logo\/image\/\",\"url\":\"https:\/\/chateaudechantilly.fr\/app\/uploads\/2020\/10\/Copyright-Sophie-Lloyd-Le-chateau-et-ses-douves-21.jpg\",\"contentUrl\":\"https:\/\/chateaudechantilly.fr\/app\/uploads\/2020\/10\/Copyright-Sophie-Lloyd-Le-chateau-et-ses-douves-21.jpg\",\"width\":1200,\"height\":800,\"caption\":\"Ch\u00e2teau de Chantilly\"},\"image\":{\"@id\":\"https:\/\/chateaudechantilly.mdw.ovh\/#\/schema\/logo\/image\/\"}}]}<\/script>\n<!-- \/ Yoast SEO plugin. -->","yoast_head_json":{"title":"Mentions L\u00e9gales - Ch\u00e2teau de Chantilly","robots":{"index":"index","follow":"follow","max-snippet":"max-snippet:-1","max-image-preview":"max-image-preview:large","max-video-preview":"max-video-preview:-1"},"canonical":"https:\/\/chateaudechantilly.mdw.ovh\/en\/mentions-legales\/","og_locale":"en_US","og_type":"article","og_title":"Mentions L\u00e9gales - Ch\u00e2teau de Chantilly","og_description":"Domaine de Chantilly &#8211; Fondation d&#8217;Aumale 17, rue du Conn\u00e9table 60500 Chantilly T\u00e9l.&nbsp;: 03 44 57 31 59 \/ 60 Directeur de publication Service communication du Ch\u00e2teau de Chantilly Conception et r\u00e9alisation du site internet MozArtsduWeb &#8211; Agence Web \u00e0 Chantilly 73 Rue du Conn\u00e9table &#8211; 60500 https:\/\/mozartsduweb.com H\u00e9bergement du site Le site www.chateaudechantilly.fr et &hellip; Continued","og_url":"https:\/\/chateaudechantilly.mdw.ovh\/en\/mentions-legales\/","og_site_name":"Ch\u00e2teau de Chantilly","article_modified_time":"2023-08-16T08:49:29+00:00","twitter_card":"summary_large_image","twitter_misc":{"Est. reading time":"2 minutes"},"schema":{"@context":"https:\/\/schema.org","@graph":[{"@type":"WebPage","@id":"https:\/\/chateaudechantilly.mdw.ovh\/en\/mentions-legales\/","url":"https:\/\/chateaudechantilly.mdw.ovh\/en\/mentions-legales\/","name":"Mentions L\u00e9gales - Ch\u00e2teau de Chantilly","isPartOf":{"@id":"https:\/\/chateaudechantilly.mdw.ovh\/#website"},"datePublished":"2020-05-29T08:40:30+00:00","dateModified":"2023-08-16T08:49:29+00:00","breadcrumb":{"@id":"https:\/\/chateaudechantilly.mdw.ovh\/en\/mentions-legales\/#breadcrumb"},"inLanguage":"en-US","potentialAction":[{"@type":"ReadAction","target":["https:\/\/chateaudechantilly.mdw.ovh\/en\/mentions-legales\/"]}]},{"@type":"BreadcrumbList","@id":"https:\/\/chateaudechantilly.mdw.ovh\/en\/mentions-legales\/#breadcrumb","itemListElement":[{"@type":"ListItem","position":1,"name":"Accueil","item":"https:\/\/chateaudechantilly.mdw.ovh\/en\/"},{"@type":"ListItem","position":2,"name":"Mentions L\u00e9gales"}]},{"@type":"WebSite","@id":"https:\/\/chateaudechantilly.mdw.ovh\/#website","url":"https:\/\/chateaudechantilly.mdw.ovh\/","name":"Ch\u00e2teau de Chantilly","description":"","publisher":{"@id":"https:\/\/chateaudechantilly.mdw.ovh\/#organization"},"potentialAction":[{"@type":"SearchAction","target":{"@type":"EntryPoint","urlTemplate":"https:\/\/chateaudechantilly.mdw.ovh\/?s={search_term_string}"},"query-input":{"@type":"PropertyValueSpecification","valueRequired":true,"valueName":"search_term_string"}}],"inLanguage":"en-US"},{"@type":"Organization","@id":"https:\/\/chateaudechantilly.mdw.ovh\/#organization","name":"Ch\u00e2teau de Chantilly","url":"https:\/\/chateaudechantilly.mdw.ovh\/","logo":{"@type":"ImageObject","inLanguage":"en-US","@id":"https:\/\/chateaudechantilly.mdw.ovh\/#\/schema\/logo\/image\/","url":"https:\/\/chateaudechantilly.fr\/app\/uploads\/2020\/10\/Copyright-Sophie-Lloyd-Le-chateau-et-ses-douves-21.jpg","contentUrl":"https:\/\/chateaudechantilly.fr\/app\/uploads\/2020\/10\/Copyright-Sophie-Lloyd-Le-chateau-et-ses-douves-21.jpg","width":1200,"height":800,"caption":"Ch\u00e2teau de Chantilly"},"image":{"@id":"https:\/\/chateaudechantilly.mdw.ovh\/#\/schema\/logo\/image\/"}}]}},"_links":{"self":[{"href":"https:\/\/chateaudechantilly.mdw.ovh\/en\/wp-json\/wp\/v2\/pages\/431","targetHints":{"allow":["GET"]}}],"collection":[{"href":"https:\/\/chateaudechantilly.mdw.ovh\/en\/wp-json\/wp\/v2\/pages"}],"about":[{"href":"https:\/\/chateaudechantilly.mdw.ovh\/en\/wp-json\/wp\/v2\/types\/page"}],"author":[{"embeddable":true,"href":"https:\/\/chateaudechantilly.mdw.ovh\/en\/wp-json\/wp\/v2\/users\/3"}],"replies":[{"embeddable":true,"href":"https:\/\/chateaudechantilly.mdw.ovh\/en\/wp-json\/wp\/v2\/comments?post=431"}],"version-history":[{"count":6,"href":"https:\/\/chateaudechantilly.mdw.ovh\/en\/wp-json\/wp\/v2\/pages\/431\/revisions"}],"predecessor-version":[{"id":18926,"href":"https:\/\/chateaudechantilly.mdw.ovh\/en\/wp-json\/wp\/v2\/pages\/431\/revisions\/18926"}],"wp:attachment":[{"href":"https:\/\/chateaudechantilly.mdw.ovh\/en\/wp-json\/wp\/v2\/media?parent=431"}],"curies":[{"name":"wp","href":"https:\/\/api.w.org\/{rel}","templated":true}]}}