{"id":432,"date":"2020-05-29T10:40:30","date_gmt":"2020-05-29T08:40:30","guid":{"rendered":"http:\/\/chateaudechantilly.fr\/contact\/"},"modified":"2021-06-03T11:40:08","modified_gmt":"2021-06-03T09:40:08","slug":"contact-us","status":"publish","type":"page","link":"https:\/\/chateaudechantilly.mdw.ovh\/en\/contact-us\/","title":{"rendered":"Contact-us"},"content":{"rendered":"\n<h2>You have a question?<\/h2>\n<a class=\"button-double-border button-double-border-black\" href=\"https:\/\/chateaudechantilly.fr\/en\/frequently-asked-questions\/\">See our FAQ<\/a>\n<hr>\n<div class=\"form-contact\">\n\n<div class=\"wpcf7 no-js\" id=\"wpcf7-f6803-o1\" lang=\"en-US\" dir=\"ltr\">\n<div class=\"screen-reader-response\"><p role=\"status\" aria-live=\"polite\" aria-atomic=\"true\"><\/p> <ul><\/ul><\/div>\n<form action=\"\/en\/wp-json\/wp\/v2\/pages\/432#wpcf7-f6803-o1\" method=\"post\" class=\"wpcf7-form init\" aria-label=\"Contact form\" enctype=\"multipart\/form-data\" novalidate=\"novalidate\" data-status=\"init\">\n<div style=\"display: none;\">\n<input type=\"hidden\" name=\"_wpcf7\" value=\"6803\" \/>\n<input type=\"hidden\" name=\"_wpcf7_version\" value=\"5.9.8\" \/>\n<input type=\"hidden\" name=\"_wpcf7_locale\" value=\"en_US\" \/>\n<input type=\"hidden\" name=\"_wpcf7_unit_tag\" value=\"wpcf7-f6803-o1\" \/>\n<input type=\"hidden\" name=\"_wpcf7_container_post\" value=\"0\" \/>\n<input type=\"hidden\" name=\"_wpcf7_posted_data_hash\" value=\"\" \/>\n<input type=\"hidden\" name=\"_wpcf7_recaptcha_response\" value=\"\" \/>\n<\/div>\n<p><label> E-mail*<br \/>\n<span class=\"wpcf7-form-control-wrap\" data-name=\"your-email\"><input size=\"40\" maxlength=\"400\" class=\"wpcf7-form-control wpcf7-email wpcf7-validates-as-required wpcf7-text wpcf7-validates-as-email\" aria-required=\"true\" aria-invalid=\"false\" value=\"\" type=\"email\" name=\"your-email\" \/><\/span> <\/label>\n<\/p>\n<p><label>Civility*<\/label><br \/>\n<span class=\"wpcf7-form-control-wrap\" data-name=\"Civilit\"><span class=\"wpcf7-form-control wpcf7-radio\"><span class=\"wpcf7-list-item first\"><label><input type=\"radio\" name=\"Civilit\" value=\"Mrs\" checked=\"checked\" \/><span class=\"wpcf7-list-item-label\">Mrs<\/span><\/label><\/span><span class=\"wpcf7-list-item last\"><label><input type=\"radio\" name=\"Civilit\" value=\"Mr\" \/><span class=\"wpcf7-list-item-label\">Mr<\/span><\/label><\/span><\/span><\/span>\n<\/p>\n<p><label> Last Name*<br \/>\n<span class=\"wpcf7-form-control-wrap\" data-name=\"your-name\"><input size=\"40\" maxlength=\"400\" class=\"wpcf7-form-control wpcf7-text wpcf7-validates-as-required\" aria-required=\"true\" aria-invalid=\"false\" value=\"\" type=\"text\" name=\"your-name\" \/><\/span> <\/label>\n<\/p>\n<p><label> First Name*<br \/>\n<span class=\"wpcf7-form-control-wrap\" data-name=\"your-surname\"><input size=\"40\" maxlength=\"400\" class=\"wpcf7-form-control wpcf7-text wpcf7-validates-as-required\" aria-required=\"true\" aria-invalid=\"false\" value=\"\" type=\"text\" name=\"your-surname\" \/><\/span> <\/label>\n<\/p>\n<p><label> Company Name (facultatif)<br \/>\n<span class=\"wpcf7-form-control-wrap\" data-name=\"society\"><input size=\"40\" maxlength=\"400\" class=\"wpcf7-form-control wpcf7-text\" aria-invalid=\"false\" value=\"\" type=\"text\" name=\"society\" \/><\/span> <\/label>\n<\/p>\n<p><label> Phone (optional)<br \/>\n<span class=\"wpcf7-form-control-wrap\" data-name=\"phone\"><input size=\"40\" maxlength=\"400\" class=\"wpcf7-form-control wpcf7-text\" aria-invalid=\"false\" value=\"\" type=\"text\" name=\"phone\" \/><\/span> <\/label>\n<\/p>\n<p><label> Subject*<\/label><br \/>\n<span class=\"wpcf7-form-control-wrap\" data-name=\"Objet\"><select class=\"wpcf7-form-control wpcf7-select wpcf7-validates-as-required\" aria-required=\"true\" aria-invalid=\"false\" name=\"Objet\"><option value=\"General informations\">General informations<\/option><option value=\"Ticket informations\">Ticket informations<\/option><option value=\"Online reservations\">Online reservations<\/option><option value=\"Complains\">Complains<\/option><option value=\"Visitors with disabilities\">Visitors with disabilities<\/option><option value=\"Lost property\">Lost property<\/option><option value=\"Uptade my information\">Uptade my information<\/option><option value=\"Other subject\">Other subject<\/option><\/select><\/span>\n<\/p>\n<p><label> Message<br \/>\n<span class=\"wpcf7-form-control-wrap\" data-name=\"your-message\"><textarea cols=\"40\" rows=\"10\" maxlength=\"2000\" class=\"wpcf7-form-control wpcf7-textarea wpcf7-validates-as-required\" aria-required=\"true\" aria-invalid=\"false\" name=\"your-message\"><\/textarea><\/span> <\/label>\n<\/p>\n<p><label>Attach a file (optional)<\/label><br \/>\n<span class=\"wpcf7-form-control-wrap\" data-name=\"fichier\"><input size=\"40\" class=\"wpcf7-form-control wpcf7-file\" accept=\"audio\/*,video\/*,image\/*\" aria-invalid=\"false\" type=\"file\" name=\"fichier\" \/><\/span>\n<\/p>\n<p><input class=\"wpcf7-form-control wpcf7-submit has-spinner button-form\" type=\"submit\" value=\"Send\" \/>\n<\/p><div class=\"wpcf7-response-output\" aria-hidden=\"true\"><\/div>\n<\/form>\n<\/div>\n\n<\/div>\n\n<small>Ce site web est prot\u00e9g\u00e9 par reCAPTCHA et les <a href=\"https:\/\/policies.google.com\/privacy\" rel=\"nofollow\">politique de confidentialit\u00e9<\/a> et <a href=\"https:\/\/policies.google.com\/terms\" rel=\"nofollow\">conditions d&#8217;utilisation<\/a> de Google s&#8217;appliquent.<\/small>\n\n<hr>\n\n<h2>Contact us by phone<\/h2>\n<p>Our teams are available to answer your questions from 9 am to 5 pm, Monday to Friday<\/p>\n<a style=\"font-size: 2rem;\" href=\"tel:0344273180\">03 44 27 31 80 <i class=\"fas fa-phone\"><\/i><\/a>\n","protected":false},"excerpt":{"rendered":"<p>You have a question? See our FAQ Ce site web est prot\u00e9g\u00e9 par reCAPTCHA et les politique de confidentialit\u00e9 et conditions d&#8217;utilisation de Google s&#8217;appliquent. Contact us by phone Our teams are available to answer your questions from 9 am to 5 pm, Monday to Friday 03 44 27 31 80<\/p>\n","protected":false},"author":3,"featured_media":7671,"parent":0,"menu_order":0,"comment_status":"closed","ping_status":"closed","template":"","meta":{"_acf_changed":false,"footnotes":""},"class_list":["post-432","page","type-page","status-publish","has-post-thumbnail","hentry"],"acf":[],"yoast_head":"<!-- This site is optimized with the Yoast SEO plugin v25.5 - https:\/\/yoast.com\/wordpress\/plugins\/seo\/ -->\n<title>Contact-us - Ch\u00e2teau de Chantilly<\/title>\n<meta name=\"robots\" content=\"index, follow, max-snippet:-1, max-image-preview:large, max-video-preview:-1\" \/>\n<link rel=\"canonical\" href=\"https:\/\/chateaudechantilly.mdw.ovh\/contactez-nous\/\" \/>\n<meta property=\"og:locale\" content=\"en_US\" \/>\n<meta property=\"og:type\" content=\"article\" \/>\n<meta property=\"og:title\" content=\"Contact-us - Ch\u00e2teau de Chantilly\" \/>\n<meta property=\"og:description\" content=\"You have a question? See our FAQ Ce site web est prot\u00e9g\u00e9 par reCAPTCHA et les politique de confidentialit\u00e9 et conditions d&#8217;utilisation de Google s&#8217;appliquent. Contact us by phone Our teams are available to answer your questions from 9 am to 5 pm, Monday to Friday 03 44 27 31 80\" \/>\n<meta property=\"og:url\" content=\"https:\/\/chateaudechantilly.mdw.ovh\/contactez-nous\/\" \/>\n<meta property=\"og:site_name\" content=\"Ch\u00e2teau de Chantilly\" \/>\n<meta property=\"article:modified_time\" content=\"2021-06-03T09:40:08+00:00\" \/>\n<meta property=\"og:image\" content=\"https:\/\/chateaudechantilly.mdw.ovh\/app\/uploads\/2021\/06\/Copyright-Sophie-Lloyd-Le-Grand-degre-Detail-7.jpg\" \/>\n\t<meta property=\"og:image:width\" content=\"2500\" \/>\n\t<meta property=\"og:image:height\" content=\"1667\" \/>\n\t<meta property=\"og:image:type\" content=\"image\/jpeg\" \/>\n<meta name=\"twitter:card\" content=\"summary_large_image\" \/>\n<meta name=\"twitter:label1\" content=\"Est. reading time\" \/>\n\t<meta name=\"twitter:data1\" content=\"1 minute\" \/>\n<script type=\"application\/ld+json\" class=\"yoast-schema-graph\">{\"@context\":\"https:\/\/schema.org\",\"@graph\":[{\"@type\":\"WebPage\",\"@id\":\"https:\/\/chateaudechantilly.mdw.ovh\/contactez-nous\/\",\"url\":\"https:\/\/chateaudechantilly.mdw.ovh\/contactez-nous\/\",\"name\":\"Contact-us - Ch\u00e2teau de Chantilly\",\"isPartOf\":{\"@id\":\"https:\/\/chateaudechantilly.mdw.ovh\/#website\"},\"primaryImageOfPage\":{\"@id\":\"https:\/\/chateaudechantilly.mdw.ovh\/contactez-nous\/#primaryimage\"},\"image\":{\"@id\":\"https:\/\/chateaudechantilly.mdw.ovh\/contactez-nous\/#primaryimage\"},\"thumbnailUrl\":\"https:\/\/chateaudechantilly.mdw.ovh\/app\/uploads\/2021\/06\/Copyright-Sophie-Lloyd-Le-Grand-degre-Detail-7.jpg\",\"datePublished\":\"2020-05-29T08:40:30+00:00\",\"dateModified\":\"2021-06-03T09:40:08+00:00\",\"breadcrumb\":{\"@id\":\"https:\/\/chateaudechantilly.mdw.ovh\/contactez-nous\/#breadcrumb\"},\"inLanguage\":\"en-US\",\"potentialAction\":[{\"@type\":\"ReadAction\",\"target\":[\"https:\/\/chateaudechantilly.mdw.ovh\/contactez-nous\/\"]}]},{\"@type\":\"ImageObject\",\"inLanguage\":\"en-US\",\"@id\":\"https:\/\/chateaudechantilly.mdw.ovh\/contactez-nous\/#primaryimage\",\"url\":\"https:\/\/chateaudechantilly.mdw.ovh\/app\/uploads\/2021\/06\/Copyright-Sophie-Lloyd-Le-Grand-degre-Detail-7.jpg\",\"contentUrl\":\"https:\/\/chateaudechantilly.mdw.ovh\/app\/uploads\/2021\/06\/Copyright-Sophie-Lloyd-Le-Grand-degre-Detail-7.jpg\",\"width\":2500,\"height\":1667,\"caption\":\"Sophie Lloyd\"},{\"@type\":\"BreadcrumbList\",\"@id\":\"https:\/\/chateaudechantilly.mdw.ovh\/contactez-nous\/#breadcrumb\",\"itemListElement\":[{\"@type\":\"ListItem\",\"position\":1,\"name\":\"Accueil\",\"item\":\"https:\/\/chateaudechantilly.mdw.ovh\/en\/\"},{\"@type\":\"ListItem\",\"position\":2,\"name\":\"Contact-us\"}]},{\"@type\":\"WebSite\",\"@id\":\"https:\/\/chateaudechantilly.mdw.ovh\/#website\",\"url\":\"https:\/\/chateaudechantilly.mdw.ovh\/\",\"name\":\"Ch\u00e2teau de Chantilly\",\"description\":\"\",\"publisher\":{\"@id\":\"https:\/\/chateaudechantilly.mdw.ovh\/#organization\"},\"potentialAction\":[{\"@type\":\"SearchAction\",\"target\":{\"@type\":\"EntryPoint\",\"urlTemplate\":\"https:\/\/chateaudechantilly.mdw.ovh\/?s={search_term_string}\"},\"query-input\":{\"@type\":\"PropertyValueSpecification\",\"valueRequired\":true,\"valueName\":\"search_term_string\"}}],\"inLanguage\":\"en-US\"},{\"@type\":\"Organization\",\"@id\":\"https:\/\/chateaudechantilly.mdw.ovh\/#organization\",\"name\":\"Ch\u00e2teau de Chantilly\",\"url\":\"https:\/\/chateaudechantilly.mdw.ovh\/\",\"logo\":{\"@type\":\"ImageObject\",\"inLanguage\":\"en-US\",\"@id\":\"https:\/\/chateaudechantilly.mdw.ovh\/#\/schema\/logo\/image\/\",\"url\":\"https:\/\/chateaudechantilly.fr\/app\/uploads\/2020\/10\/Copyright-Sophie-Lloyd-Le-chateau-et-ses-douves-21.jpg\",\"contentUrl\":\"https:\/\/chateaudechantilly.fr\/app\/uploads\/2020\/10\/Copyright-Sophie-Lloyd-Le-chateau-et-ses-douves-21.jpg\",\"width\":1200,\"height\":800,\"caption\":\"Ch\u00e2teau de Chantilly\"},\"image\":{\"@id\":\"https:\/\/chateaudechantilly.mdw.ovh\/#\/schema\/logo\/image\/\"}}]}<\/script>\n<!-- \/ Yoast SEO plugin. -->","yoast_head_json":{"title":"Contact-us - Ch\u00e2teau de Chantilly","robots":{"index":"index","follow":"follow","max-snippet":"max-snippet:-1","max-image-preview":"max-image-preview:large","max-video-preview":"max-video-preview:-1"},"canonical":"https:\/\/chateaudechantilly.mdw.ovh\/contactez-nous\/","og_locale":"en_US","og_type":"article","og_title":"Contact-us - Ch\u00e2teau de Chantilly","og_description":"You have a question? See our FAQ Ce site web est prot\u00e9g\u00e9 par reCAPTCHA et les politique de confidentialit\u00e9 et conditions d&#8217;utilisation de Google s&#8217;appliquent. Contact us by phone Our teams are available to answer your questions from 9 am to 5 pm, Monday to Friday 03 44 27 31 80","og_url":"https:\/\/chateaudechantilly.mdw.ovh\/contactez-nous\/","og_site_name":"Ch\u00e2teau de Chantilly","article_modified_time":"2021-06-03T09:40:08+00:00","og_image":[{"width":2500,"height":1667,"url":"https:\/\/chateaudechantilly.mdw.ovh\/app\/uploads\/2021\/06\/Copyright-Sophie-Lloyd-Le-Grand-degre-Detail-7.jpg","type":"image\/jpeg"}],"twitter_card":"summary_large_image","twitter_misc":{"Est. reading time":"1 minute"},"schema":{"@context":"https:\/\/schema.org","@graph":[{"@type":"WebPage","@id":"https:\/\/chateaudechantilly.mdw.ovh\/contactez-nous\/","url":"https:\/\/chateaudechantilly.mdw.ovh\/contactez-nous\/","name":"Contact-us - Ch\u00e2teau de Chantilly","isPartOf":{"@id":"https:\/\/chateaudechantilly.mdw.ovh\/#website"},"primaryImageOfPage":{"@id":"https:\/\/chateaudechantilly.mdw.ovh\/contactez-nous\/#primaryimage"},"image":{"@id":"https:\/\/chateaudechantilly.mdw.ovh\/contactez-nous\/#primaryimage"},"thumbnailUrl":"https:\/\/chateaudechantilly.mdw.ovh\/app\/uploads\/2021\/06\/Copyright-Sophie-Lloyd-Le-Grand-degre-Detail-7.jpg","datePublished":"2020-05-29T08:40:30+00:00","dateModified":"2021-06-03T09:40:08+00:00","breadcrumb":{"@id":"https:\/\/chateaudechantilly.mdw.ovh\/contactez-nous\/#breadcrumb"},"inLanguage":"en-US","potentialAction":[{"@type":"ReadAction","target":["https:\/\/chateaudechantilly.mdw.ovh\/contactez-nous\/"]}]},{"@type":"ImageObject","inLanguage":"en-US","@id":"https:\/\/chateaudechantilly.mdw.ovh\/contactez-nous\/#primaryimage","url":"https:\/\/chateaudechantilly.mdw.ovh\/app\/uploads\/2021\/06\/Copyright-Sophie-Lloyd-Le-Grand-degre-Detail-7.jpg","contentUrl":"https:\/\/chateaudechantilly.mdw.ovh\/app\/uploads\/2021\/06\/Copyright-Sophie-Lloyd-Le-Grand-degre-Detail-7.jpg","width":2500,"height":1667,"caption":"Sophie Lloyd"},{"@type":"BreadcrumbList","@id":"https:\/\/chateaudechantilly.mdw.ovh\/contactez-nous\/#breadcrumb","itemListElement":[{"@type":"ListItem","position":1,"name":"Accueil","item":"https:\/\/chateaudechantilly.mdw.ovh\/en\/"},{"@type":"ListItem","position":2,"name":"Contact-us"}]},{"@type":"WebSite","@id":"https:\/\/chateaudechantilly.mdw.ovh\/#website","url":"https:\/\/chateaudechantilly.mdw.ovh\/","name":"Ch\u00e2teau de Chantilly","description":"","publisher":{"@id":"https:\/\/chateaudechantilly.mdw.ovh\/#organization"},"potentialAction":[{"@type":"SearchAction","target":{"@type":"EntryPoint","urlTemplate":"https:\/\/chateaudechantilly.mdw.ovh\/?s={search_term_string}"},"query-input":{"@type":"PropertyValueSpecification","valueRequired":true,"valueName":"search_term_string"}}],"inLanguage":"en-US"},{"@type":"Organization","@id":"https:\/\/chateaudechantilly.mdw.ovh\/#organization","name":"Ch\u00e2teau de Chantilly","url":"https:\/\/chateaudechantilly.mdw.ovh\/","logo":{"@type":"ImageObject","inLanguage":"en-US","@id":"https:\/\/chateaudechantilly.mdw.ovh\/#\/schema\/logo\/image\/","url":"https:\/\/chateaudechantilly.fr\/app\/uploads\/2020\/10\/Copyright-Sophie-Lloyd-Le-chateau-et-ses-douves-21.jpg","contentUrl":"https:\/\/chateaudechantilly.fr\/app\/uploads\/2020\/10\/Copyright-Sophie-Lloyd-Le-chateau-et-ses-douves-21.jpg","width":1200,"height":800,"caption":"Ch\u00e2teau de Chantilly"},"image":{"@id":"https:\/\/chateaudechantilly.mdw.ovh\/#\/schema\/logo\/image\/"}}]}},"_links":{"self":[{"href":"https:\/\/chateaudechantilly.mdw.ovh\/en\/wp-json\/wp\/v2\/pages\/432","targetHints":{"allow":["GET"]}}],"collection":[{"href":"https:\/\/chateaudechantilly.mdw.ovh\/en\/wp-json\/wp\/v2\/pages"}],"about":[{"href":"https:\/\/chateaudechantilly.mdw.ovh\/en\/wp-json\/wp\/v2\/types\/page"}],"author":[{"embeddable":true,"href":"https:\/\/chateaudechantilly.mdw.ovh\/en\/wp-json\/wp\/v2\/users\/3"}],"replies":[{"embeddable":true,"href":"https:\/\/chateaudechantilly.mdw.ovh\/en\/wp-json\/wp\/v2\/comments?post=432"}],"version-history":[{"count":28,"href":"https:\/\/chateaudechantilly.mdw.ovh\/en\/wp-json\/wp\/v2\/pages\/432\/revisions"}],"predecessor-version":[{"id":6813,"href":"https:\/\/chateaudechantilly.mdw.ovh\/en\/wp-json\/wp\/v2\/pages\/432\/revisions\/6813"}],"wp:featuredmedia":[{"embeddable":true,"href":"https:\/\/chateaudechantilly.mdw.ovh\/en\/wp-json\/wp\/v2\/media\/7671"}],"wp:attachment":[{"href":"https:\/\/chateaudechantilly.mdw.ovh\/en\/wp-json\/wp\/v2\/media?parent=432"}],"curies":[{"name":"wp","href":"https:\/\/api.w.org\/{rel}","templated":true}]}}