{"id":5059,"date":"2021-05-24T10:49:23","date_gmt":"2021-05-24T08:49:23","guid":{"rendered":"https:\/\/chateaudechantilly.fr\/?page_id=5059"},"modified":"2021-05-24T10:59:52","modified_gmt":"2021-05-24T08:59:52","slug":"who-are-we","status":"publish","type":"page","link":"https:\/\/chateaudechantilly.mdw.ovh\/en\/who-are-we\/","title":{"rendered":"Who are we?"},"content":{"rendered":"\n<h2 class=\"wp-block-heading\">Domaine de Chantilly \u2013 Fondation d\u2019Aumale<\/h2>\n\n\n\n<p>Bequeathed to the<a href=\"https:\/\/www.institutdefrance.fr\/\"> Institut de France<\/a> by the Duke of Aumale in 1886, the <strong>Ch\u00e2teau de Chantilly<\/strong> is made up of the <strong>ch\u00e2teau<\/strong>, the <strong>grounds<\/strong>, the<strong> great stables<\/strong> and a 7,800 hectare<strong> estate<\/strong>, including 6,300 hectares of forest and 250 leases (individual properties, hotels, golf courses\u2026).<\/p>\n\n\n\n<p><strong>The Domaine de Chantilly \u2013 Fondation d\u2019Aumale<\/strong> is an unincorporated foundation hosted by the Institut de France. Its mission consists of managing and developing the Ch\u00e2teau de Chantilly.<\/p>\n\n\n\n<div style=\"height:100px\" aria-hidden=\"true\" class=\"wp-block-spacer\"><\/div>\n\n\n\n<h2 class=\"wp-block-heading\">The Institut de France<\/h2>\n\n\n\n<p>Created in 1793, the mission of the Institut de France is to provide France\u2019s <strong>five Academies<\/strong> with a harmonious framework for its work on perfecting literature, sciences and arts on a non-profit basis.<\/p>\n\n\n\n<figure class=\"wp-block-gallery columns-5 is-cropped wp-block-gallery-1 is-layout-flex wp-block-gallery-is-layout-flex\"><ul class=\"blocks-gallery-grid\"><li class=\"blocks-gallery-item\"><figure><img loading=\"lazy\" decoding=\"async\" width=\"1347\" height=\"1536\" src=\"https:\/\/chateaudechantilly.fr\/app\/uploads\/2021\/05\/1-AF.jpg\" alt=\"\" data-id=\"4534\" data-full-url=\"https:\/\/chateaudechantilly.fr\/app\/uploads\/2021\/05\/1-AF.jpg\" data-link=\"https:\/\/chateaudechantilly.fr\/qui-sommes-nous\/attachment\/1-af\/\" class=\"wp-image-4535\" srcset=\"https:\/\/chateaudechantilly.mdw.ovh\/app\/uploads\/2021\/05\/1-AF.jpg 1347w, https:\/\/chateaudechantilly.mdw.ovh\/app\/uploads\/2021\/05\/1-AF-337x384.jpg 337w, https:\/\/chateaudechantilly.mdw.ovh\/app\/uploads\/2021\/05\/1-AF-449x512.jpg 449w, https:\/\/chateaudechantilly.mdw.ovh\/app\/uploads\/2021\/05\/1-AF-581x662.jpg 581w, https:\/\/chateaudechantilly.mdw.ovh\/app\/uploads\/2021\/05\/1-AF-878x1001.jpg 878w\" sizes=\"auto, (max-width: 1347px) 100vw, 1347px\" \/><\/figure><\/li><li class=\"blocks-gallery-item\"><figure><img loading=\"lazy\" decoding=\"async\" width=\"385\" height=\"439\" src=\"https:\/\/chateaudechantilly.fr\/app\/uploads\/2021\/05\/2-AIBL.png\" alt=\"\" data-id=\"4530\" data-full-url=\"https:\/\/chateaudechantilly.fr\/app\/uploads\/2021\/05\/2-AIBL.png\" data-link=\"https:\/\/chateaudechantilly.fr\/qui-sommes-nous\/attachment\/2-aibl\/\" class=\"wp-image-4531\" srcset=\"https:\/\/chateaudechantilly.mdw.ovh\/app\/uploads\/2021\/05\/2-AIBL.png 385w, https:\/\/chateaudechantilly.mdw.ovh\/app\/uploads\/2021\/05\/2-AIBL-337x384.png 337w\" sizes=\"auto, (max-width: 385px) 100vw, 385px\" \/><\/figure><\/li><li class=\"blocks-gallery-item\"><figure><img loading=\"lazy\" decoding=\"async\" width=\"385\" height=\"439\" src=\"https:\/\/chateaudechantilly.fr\/app\/uploads\/2021\/05\/3-AS.png\" alt=\"\" data-id=\"4532\" data-full-url=\"https:\/\/chateaudechantilly.fr\/app\/uploads\/2021\/05\/3-AS.png\" data-link=\"https:\/\/chateaudechantilly.fr\/qui-sommes-nous\/attachment\/3-as\/\" class=\"wp-image-4533\" srcset=\"https:\/\/chateaudechantilly.mdw.ovh\/app\/uploads\/2021\/05\/3-AS.png 385w, https:\/\/chateaudechantilly.mdw.ovh\/app\/uploads\/2021\/05\/3-AS-337x384.png 337w\" sizes=\"auto, (max-width: 385px) 100vw, 385px\" \/><\/figure><\/li><li class=\"blocks-gallery-item\"><figure><img loading=\"lazy\" decoding=\"async\" width=\"385\" height=\"439\" src=\"https:\/\/chateaudechantilly.fr\/app\/uploads\/2021\/05\/4-ABA.png\" alt=\"\" data-id=\"4526\" data-full-url=\"https:\/\/chateaudechantilly.fr\/app\/uploads\/2021\/05\/4-ABA.png\" data-link=\"https:\/\/chateaudechantilly.fr\/qui-sommes-nous\/attachment\/4-aba\/\" class=\"wp-image-4527\" srcset=\"https:\/\/chateaudechantilly.mdw.ovh\/app\/uploads\/2021\/05\/4-ABA.png 385w, https:\/\/chateaudechantilly.mdw.ovh\/app\/uploads\/2021\/05\/4-ABA-337x384.png 337w\" sizes=\"auto, (max-width: 385px) 100vw, 385px\" \/><\/figure><\/li><li class=\"blocks-gallery-item\"><figure><img loading=\"lazy\" decoding=\"async\" width=\"385\" height=\"439\" src=\"https:\/\/chateaudechantilly.fr\/app\/uploads\/2021\/05\/5-ASMP.png\" alt=\"\" data-id=\"4528\" data-full-url=\"https:\/\/chateaudechantilly.fr\/app\/uploads\/2021\/05\/5-ASMP.png\" data-link=\"https:\/\/chateaudechantilly.fr\/qui-sommes-nous\/attachment\/5-asmp\/\" class=\"wp-image-4529\" srcset=\"https:\/\/chateaudechantilly.mdw.ovh\/app\/uploads\/2021\/05\/5-ASMP.png 385w, https:\/\/chateaudechantilly.mdw.ovh\/app\/uploads\/2021\/05\/5-ASMP-337x384.png 337w\" sizes=\"auto, (max-width: 385px) 100vw, 385px\" \/><\/figure><\/li><\/ul><\/figure>\n\n\n\n<p>Grand m\u00e9c\u00e8ne, il encourage la recherche et soutient la cr\u00e9ation \u00e0 travers la remise de prix, de bourses et de subventions.<\/p>\n\n\n\n<p>Plac\u00e9 sous la protection du pr\u00e9sident de la R\u00e9publique, il est \u00e9galement le gardien d&#8217;un important patrimoine compos\u00e9 de demeures et collections qui lui ont \u00e9t\u00e9 l\u00e9gu\u00e9es depuis la fin du XIXe si\u00e8cle.<\/p>\n","protected":false},"excerpt":{"rendered":"<p>Domaine de Chantilly \u2013 Fondation d\u2019Aumale Bequeathed to the Institut de France by the Duke of Aumale in 1886, the Ch\u00e2teau de Chantilly is made up of the ch\u00e2teau, the grounds, the great stables and a 7,800 hectare estate, including 6,300 hectares of forest and 250 leases (individual properties, hotels, golf courses\u2026). The Domaine de &hellip; <a href=\"https:\/\/chateaudechantilly.mdw.ovh\/en\/who-are-we\/\">Continued<\/a><\/p>\n","protected":false},"author":6,"featured_media":2132,"parent":0,"menu_order":0,"comment_status":"closed","ping_status":"closed","template":"","meta":{"_acf_changed":false,"footnotes":""},"class_list":["post-5059","page","type-page","status-publish","has-post-thumbnail","hentry"],"acf":[],"yoast_head":"<!-- This site is optimized with the Yoast SEO plugin v25.5 - https:\/\/yoast.com\/wordpress\/plugins\/seo\/ -->\n<title>Who are we? - Ch\u00e2teau de Chantilly<\/title>\n<meta name=\"robots\" content=\"index, follow, max-snippet:-1, max-image-preview:large, max-video-preview:-1\" \/>\n<link rel=\"canonical\" href=\"https:\/\/chateaudechantilly.mdw.ovh\/en\/who-are-we\/\" \/>\n<meta property=\"og:locale\" content=\"en_US\" \/>\n<meta property=\"og:type\" content=\"article\" \/>\n<meta property=\"og:title\" content=\"Who are we? - Ch\u00e2teau de Chantilly\" \/>\n<meta property=\"og:description\" content=\"Domaine de Chantilly \u2013 Fondation d\u2019Aumale Bequeathed to the Institut de France by the Duke of Aumale in 1886, the Ch\u00e2teau de Chantilly is made up of the ch\u00e2teau, the grounds, the great stables and a 7,800 hectare estate, including 6,300 hectares of forest and 250 leases (individual properties, hotels, golf courses\u2026). The Domaine de &hellip; Continued\" \/>\n<meta property=\"og:url\" content=\"https:\/\/chateaudechantilly.mdw.ovh\/en\/who-are-we\/\" \/>\n<meta property=\"og:site_name\" content=\"Ch\u00e2teau de Chantilly\" \/>\n<meta property=\"article:modified_time\" content=\"2021-05-24T08:59:52+00:00\" \/>\n<meta property=\"og:image\" content=\"https:\/\/chateaudechantilly.mdw.ovh\/app\/uploads\/2021\/04\/Marc-Walter-scaled.jpg\" \/>\n\t<meta property=\"og:image:width\" content=\"2560\" \/>\n\t<meta property=\"og:image:height\" content=\"1706\" \/>\n\t<meta property=\"og:image:type\" content=\"image\/jpeg\" \/>\n<meta name=\"twitter:card\" content=\"summary_large_image\" \/>\n<meta name=\"twitter:label1\" content=\"Est. reading time\" \/>\n\t<meta name=\"twitter:data1\" content=\"1 minute\" \/>\n<script type=\"application\/ld+json\" class=\"yoast-schema-graph\">{\"@context\":\"https:\/\/schema.org\",\"@graph\":[{\"@type\":\"WebPage\",\"@id\":\"https:\/\/chateaudechantilly.mdw.ovh\/en\/who-are-we\/\",\"url\":\"https:\/\/chateaudechantilly.mdw.ovh\/en\/who-are-we\/\",\"name\":\"Who are we? - Ch\u00e2teau de Chantilly\",\"isPartOf\":{\"@id\":\"https:\/\/chateaudechantilly.mdw.ovh\/#website\"},\"primaryImageOfPage\":{\"@id\":\"https:\/\/chateaudechantilly.mdw.ovh\/en\/who-are-we\/#primaryimage\"},\"image\":{\"@id\":\"https:\/\/chateaudechantilly.mdw.ovh\/en\/who-are-we\/#primaryimage\"},\"thumbnailUrl\":\"https:\/\/chateaudechantilly.mdw.ovh\/app\/uploads\/2021\/04\/Marc-Walter-scaled.jpg\",\"datePublished\":\"2021-05-24T08:49:23+00:00\",\"dateModified\":\"2021-05-24T08:59:52+00:00\",\"breadcrumb\":{\"@id\":\"https:\/\/chateaudechantilly.mdw.ovh\/en\/who-are-we\/#breadcrumb\"},\"inLanguage\":\"en-US\",\"potentialAction\":[{\"@type\":\"ReadAction\",\"target\":[\"https:\/\/chateaudechantilly.mdw.ovh\/en\/who-are-we\/\"]}]},{\"@type\":\"ImageObject\",\"inLanguage\":\"en-US\",\"@id\":\"https:\/\/chateaudechantilly.mdw.ovh\/en\/who-are-we\/#primaryimage\",\"url\":\"https:\/\/chateaudechantilly.mdw.ovh\/app\/uploads\/2021\/04\/Marc-Walter-scaled.jpg\",\"contentUrl\":\"https:\/\/chateaudechantilly.mdw.ovh\/app\/uploads\/2021\/04\/Marc-Walter-scaled.jpg\",\"width\":2560,\"height\":1706,\"caption\":\"Marc Walter\"},{\"@type\":\"BreadcrumbList\",\"@id\":\"https:\/\/chateaudechantilly.mdw.ovh\/en\/who-are-we\/#breadcrumb\",\"itemListElement\":[{\"@type\":\"ListItem\",\"position\":1,\"name\":\"Accueil\",\"item\":\"https:\/\/chateaudechantilly.mdw.ovh\/en\/\"},{\"@type\":\"ListItem\",\"position\":2,\"name\":\"Who are we?\"}]},{\"@type\":\"WebSite\",\"@id\":\"https:\/\/chateaudechantilly.mdw.ovh\/#website\",\"url\":\"https:\/\/chateaudechantilly.mdw.ovh\/\",\"name\":\"Ch\u00e2teau de Chantilly\",\"description\":\"\",\"publisher\":{\"@id\":\"https:\/\/chateaudechantilly.mdw.ovh\/#organization\"},\"potentialAction\":[{\"@type\":\"SearchAction\",\"target\":{\"@type\":\"EntryPoint\",\"urlTemplate\":\"https:\/\/chateaudechantilly.mdw.ovh\/?s={search_term_string}\"},\"query-input\":{\"@type\":\"PropertyValueSpecification\",\"valueRequired\":true,\"valueName\":\"search_term_string\"}}],\"inLanguage\":\"en-US\"},{\"@type\":\"Organization\",\"@id\":\"https:\/\/chateaudechantilly.mdw.ovh\/#organization\",\"name\":\"Ch\u00e2teau de Chantilly\",\"url\":\"https:\/\/chateaudechantilly.mdw.ovh\/\",\"logo\":{\"@type\":\"ImageObject\",\"inLanguage\":\"en-US\",\"@id\":\"https:\/\/chateaudechantilly.mdw.ovh\/#\/schema\/logo\/image\/\",\"url\":\"https:\/\/chateaudechantilly.fr\/app\/uploads\/2020\/10\/Copyright-Sophie-Lloyd-Le-chateau-et-ses-douves-21.jpg\",\"contentUrl\":\"https:\/\/chateaudechantilly.fr\/app\/uploads\/2020\/10\/Copyright-Sophie-Lloyd-Le-chateau-et-ses-douves-21.jpg\",\"width\":1200,\"height\":800,\"caption\":\"Ch\u00e2teau de Chantilly\"},\"image\":{\"@id\":\"https:\/\/chateaudechantilly.mdw.ovh\/#\/schema\/logo\/image\/\"}}]}<\/script>\n<!-- \/ Yoast SEO plugin. -->","yoast_head_json":{"title":"Who are we? - Ch\u00e2teau de Chantilly","robots":{"index":"index","follow":"follow","max-snippet":"max-snippet:-1","max-image-preview":"max-image-preview:large","max-video-preview":"max-video-preview:-1"},"canonical":"https:\/\/chateaudechantilly.mdw.ovh\/en\/who-are-we\/","og_locale":"en_US","og_type":"article","og_title":"Who are we? - Ch\u00e2teau de Chantilly","og_description":"Domaine de Chantilly \u2013 Fondation d\u2019Aumale Bequeathed to the Institut de France by the Duke of Aumale in 1886, the Ch\u00e2teau de Chantilly is made up of the ch\u00e2teau, the grounds, the great stables and a 7,800 hectare estate, including 6,300 hectares of forest and 250 leases (individual properties, hotels, golf courses\u2026). The Domaine de &hellip; Continued","og_url":"https:\/\/chateaudechantilly.mdw.ovh\/en\/who-are-we\/","og_site_name":"Ch\u00e2teau de Chantilly","article_modified_time":"2021-05-24T08:59:52+00:00","og_image":[{"width":2560,"height":1706,"url":"https:\/\/chateaudechantilly.mdw.ovh\/app\/uploads\/2021\/04\/Marc-Walter-scaled.jpg","type":"image\/jpeg"}],"twitter_card":"summary_large_image","twitter_misc":{"Est. reading time":"1 minute"},"schema":{"@context":"https:\/\/schema.org","@graph":[{"@type":"WebPage","@id":"https:\/\/chateaudechantilly.mdw.ovh\/en\/who-are-we\/","url":"https:\/\/chateaudechantilly.mdw.ovh\/en\/who-are-we\/","name":"Who are we? - Ch\u00e2teau de Chantilly","isPartOf":{"@id":"https:\/\/chateaudechantilly.mdw.ovh\/#website"},"primaryImageOfPage":{"@id":"https:\/\/chateaudechantilly.mdw.ovh\/en\/who-are-we\/#primaryimage"},"image":{"@id":"https:\/\/chateaudechantilly.mdw.ovh\/en\/who-are-we\/#primaryimage"},"thumbnailUrl":"https:\/\/chateaudechantilly.mdw.ovh\/app\/uploads\/2021\/04\/Marc-Walter-scaled.jpg","datePublished":"2021-05-24T08:49:23+00:00","dateModified":"2021-05-24T08:59:52+00:00","breadcrumb":{"@id":"https:\/\/chateaudechantilly.mdw.ovh\/en\/who-are-we\/#breadcrumb"},"inLanguage":"en-US","potentialAction":[{"@type":"ReadAction","target":["https:\/\/chateaudechantilly.mdw.ovh\/en\/who-are-we\/"]}]},{"@type":"ImageObject","inLanguage":"en-US","@id":"https:\/\/chateaudechantilly.mdw.ovh\/en\/who-are-we\/#primaryimage","url":"https:\/\/chateaudechantilly.mdw.ovh\/app\/uploads\/2021\/04\/Marc-Walter-scaled.jpg","contentUrl":"https:\/\/chateaudechantilly.mdw.ovh\/app\/uploads\/2021\/04\/Marc-Walter-scaled.jpg","width":2560,"height":1706,"caption":"Marc Walter"},{"@type":"BreadcrumbList","@id":"https:\/\/chateaudechantilly.mdw.ovh\/en\/who-are-we\/#breadcrumb","itemListElement":[{"@type":"ListItem","position":1,"name":"Accueil","item":"https:\/\/chateaudechantilly.mdw.ovh\/en\/"},{"@type":"ListItem","position":2,"name":"Who are we?"}]},{"@type":"WebSite","@id":"https:\/\/chateaudechantilly.mdw.ovh\/#website","url":"https:\/\/chateaudechantilly.mdw.ovh\/","name":"Ch\u00e2teau de Chantilly","description":"","publisher":{"@id":"https:\/\/chateaudechantilly.mdw.ovh\/#organization"},"potentialAction":[{"@type":"SearchAction","target":{"@type":"EntryPoint","urlTemplate":"https:\/\/chateaudechantilly.mdw.ovh\/?s={search_term_string}"},"query-input":{"@type":"PropertyValueSpecification","valueRequired":true,"valueName":"search_term_string"}}],"inLanguage":"en-US"},{"@type":"Organization","@id":"https:\/\/chateaudechantilly.mdw.ovh\/#organization","name":"Ch\u00e2teau de Chantilly","url":"https:\/\/chateaudechantilly.mdw.ovh\/","logo":{"@type":"ImageObject","inLanguage":"en-US","@id":"https:\/\/chateaudechantilly.mdw.ovh\/#\/schema\/logo\/image\/","url":"https:\/\/chateaudechantilly.fr\/app\/uploads\/2020\/10\/Copyright-Sophie-Lloyd-Le-chateau-et-ses-douves-21.jpg","contentUrl":"https:\/\/chateaudechantilly.fr\/app\/uploads\/2020\/10\/Copyright-Sophie-Lloyd-Le-chateau-et-ses-douves-21.jpg","width":1200,"height":800,"caption":"Ch\u00e2teau de Chantilly"},"image":{"@id":"https:\/\/chateaudechantilly.mdw.ovh\/#\/schema\/logo\/image\/"}}]}},"_links":{"self":[{"href":"https:\/\/chateaudechantilly.mdw.ovh\/en\/wp-json\/wp\/v2\/pages\/5059","targetHints":{"allow":["GET"]}}],"collection":[{"href":"https:\/\/chateaudechantilly.mdw.ovh\/en\/wp-json\/wp\/v2\/pages"}],"about":[{"href":"https:\/\/chateaudechantilly.mdw.ovh\/en\/wp-json\/wp\/v2\/types\/page"}],"author":[{"embeddable":true,"href":"https:\/\/chateaudechantilly.mdw.ovh\/en\/wp-json\/wp\/v2\/users\/6"}],"replies":[{"embeddable":true,"href":"https:\/\/chateaudechantilly.mdw.ovh\/en\/wp-json\/wp\/v2\/comments?post=5059"}],"version-history":[{"count":10,"href":"https:\/\/chateaudechantilly.mdw.ovh\/en\/wp-json\/wp\/v2\/pages\/5059\/revisions"}],"predecessor-version":[{"id":5075,"href":"https:\/\/chateaudechantilly.mdw.ovh\/en\/wp-json\/wp\/v2\/pages\/5059\/revisions\/5075"}],"wp:featuredmedia":[{"embeddable":true,"href":"https:\/\/chateaudechantilly.mdw.ovh\/en\/wp-json\/wp\/v2\/media\/2132"}],"wp:attachment":[{"href":"https:\/\/chateaudechantilly.mdw.ovh\/en\/wp-json\/wp\/v2\/media?parent=5059"}],"curies":[{"name":"wp","href":"https:\/\/api.w.org\/{rel}","templated":true}]}}