{"id":6595,"date":"2021-05-28T11:46:58","date_gmt":"2021-05-28T09:46:58","guid":{"rendered":"https:\/\/chateaudechantilly.fr\/visites-virtuelles\/"},"modified":"2021-06-02T15:17:22","modified_gmt":"2021-06-02T13:17:22","slug":"virtual-tours","status":"publish","type":"page","link":"https:\/\/chateaudechantilly.mdw.ovh\/en\/virtual-tours\/","title":{"rendered":"Virtual tours"},"content":{"rendered":"\n<h2 class=\"wp-block-heading\">Virtual tours of our exhibitions<\/h2>\n\n\n\n<div style=\"height:30px\" aria-hidden=\"true\" class=\"wp-block-spacer\"><\/div>\n\n\n\n<h4 class=\"wp-block-heading\">&#8220;The Extravagance Factory. Meissen and Chantilly porcelain&#8221;<br>Until 29 August 2021<\/h4>\n\n\n\n<h4 class=\"wp-block-heading\">In partnership with <strong><a href=\"https:\/\/scribeaccroupi.fr\/\">Scribe accroupi<\/a><\/strong><\/h4>\n\n\n\n<figure class=\"wp-block-embed is-type-video is-provider-youtube wp-block-embed-youtube wp-embed-aspect-16-9 wp-has-aspect-ratio\"><div class=\"wp-block-embed__wrapper\">\n<iframe loading=\"lazy\" title=\"[Visite priv\u00e9e] &quot;La Fabrique de l&#039;Extravagance&quot; \u00e0 Chantilly\" width=\"500\" height=\"281\" src=\"https:\/\/www.youtube.com\/embed\/uff1VA9Ap1g?feature=oembed\" frameborder=\"0\" allow=\"accelerometer; autoplay; clipboard-write; encrypted-media; gyroscope; picture-in-picture; web-share\" referrerpolicy=\"strict-origin-when-cross-origin\" allowfullscreen><\/iframe>\n<\/div><\/figure>\n\n\n\n<div style=\"height:60px\" aria-hidden=\"true\" class=\"wp-block-spacer\"><\/div>\n\n\n\n<h4 class=\"wp-block-heading\">&#8220;Carmontelle and the age of pleasures&#8221;<br>Until 1st August 2021<\/h4>\n\n\n\n<h4 class=\"wp-block-heading\">In partnership with <strong><a href=\"https:\/\/scribeaccroupi.fr\/\">Scribe accroupi<\/a><\/strong><\/h4>\n\n\n\n<figure class=\"wp-block-embed is-type-video is-provider-youtube wp-block-embed-youtube wp-embed-aspect-16-9 wp-has-aspect-ratio\"><div class=\"wp-block-embed__wrapper\">\n<iframe loading=\"lazy\" title=\"[Visite priv\u00e9e] Carmontelle au ch\u00e2teau de Chantilly\" width=\"500\" height=\"281\" src=\"https:\/\/www.youtube.com\/embed\/B_NyvU9OzRQ?feature=oembed\" frameborder=\"0\" allow=\"accelerometer; autoplay; clipboard-write; encrypted-media; gyroscope; picture-in-picture; web-share\" referrerpolicy=\"strict-origin-when-cross-origin\" allowfullscreen><\/iframe>\n<\/div><\/figure>\n","protected":false},"excerpt":{"rendered":"<p>Virtual tours of our exhibitions &#8220;The Extravagance Factory. Meissen and Chantilly porcelain&#8221;Until 29 August 2021 In partnership with Scribe accroupi &#8220;Carmontelle and the age of pleasures&#8221;Until 1st August 2021 In partnership with Scribe accroupi<\/p>\n","protected":false},"author":6,"featured_media":6240,"parent":0,"menu_order":0,"comment_status":"closed","ping_status":"closed","template":"","meta":{"_acf_changed":false,"footnotes":""},"class_list":["post-6595","page","type-page","status-publish","has-post-thumbnail","hentry"],"acf":[],"yoast_head":"<!-- This site is optimized with the Yoast SEO plugin v25.5 - https:\/\/yoast.com\/wordpress\/plugins\/seo\/ -->\n<title>Virtual tours - Ch\u00e2teau de Chantilly<\/title>\n<meta name=\"robots\" content=\"index, follow, max-snippet:-1, max-image-preview:large, max-video-preview:-1\" \/>\n<link rel=\"canonical\" href=\"https:\/\/chateaudechantilly.mdw.ovh\/visites-virtuelles\/\" \/>\n<meta property=\"og:locale\" content=\"en_US\" \/>\n<meta property=\"og:type\" content=\"article\" \/>\n<meta property=\"og:title\" content=\"Virtual tours - Ch\u00e2teau de Chantilly\" \/>\n<meta property=\"og:description\" content=\"Virtual tours of our exhibitions &#8220;The Extravagance Factory. Meissen and Chantilly porcelain&#8221;Until 29 August 2021 In partnership with Scribe accroupi &#8220;Carmontelle and the age of pleasures&#8221;Until 1st August 2021 In partnership with Scribe accroupi\" \/>\n<meta property=\"og:url\" content=\"https:\/\/chateaudechantilly.mdw.ovh\/visites-virtuelles\/\" \/>\n<meta property=\"og:site_name\" content=\"Ch\u00e2teau de Chantilly\" \/>\n<meta property=\"article:modified_time\" content=\"2021-06-02T13:17:22+00:00\" \/>\n<meta property=\"og:image\" content=\"https:\/\/chateaudechantilly.mdw.ovh\/app\/uploads\/2021\/05\/La-fabrique-de-lextravagance-4314-HD.jpg\" \/>\n\t<meta property=\"og:image:width\" content=\"1333\" \/>\n\t<meta property=\"og:image:height\" content=\"2000\" \/>\n\t<meta property=\"og:image:type\" content=\"image\/jpeg\" \/>\n<meta name=\"twitter:card\" content=\"summary_large_image\" \/>\n<meta name=\"twitter:label1\" content=\"Est. reading time\" \/>\n\t<meta name=\"twitter:data1\" content=\"1 minute\" \/>\n<script type=\"application\/ld+json\" class=\"yoast-schema-graph\">{\"@context\":\"https:\/\/schema.org\",\"@graph\":[{\"@type\":\"WebPage\",\"@id\":\"https:\/\/chateaudechantilly.mdw.ovh\/visites-virtuelles\/\",\"url\":\"https:\/\/chateaudechantilly.mdw.ovh\/visites-virtuelles\/\",\"name\":\"Virtual tours - Ch\u00e2teau de Chantilly\",\"isPartOf\":{\"@id\":\"https:\/\/chateaudechantilly.mdw.ovh\/#website\"},\"primaryImageOfPage\":{\"@id\":\"https:\/\/chateaudechantilly.mdw.ovh\/visites-virtuelles\/#primaryimage\"},\"image\":{\"@id\":\"https:\/\/chateaudechantilly.mdw.ovh\/visites-virtuelles\/#primaryimage\"},\"thumbnailUrl\":\"https:\/\/chateaudechantilly.mdw.ovh\/app\/uploads\/2021\/05\/La-fabrique-de-lextravagance-4314-HD.jpg\",\"datePublished\":\"2021-05-28T09:46:58+00:00\",\"dateModified\":\"2021-06-02T13:17:22+00:00\",\"breadcrumb\":{\"@id\":\"https:\/\/chateaudechantilly.mdw.ovh\/visites-virtuelles\/#breadcrumb\"},\"inLanguage\":\"en-US\",\"potentialAction\":[{\"@type\":\"ReadAction\",\"target\":[\"https:\/\/chateaudechantilly.mdw.ovh\/visites-virtuelles\/\"]}]},{\"@type\":\"ImageObject\",\"inLanguage\":\"en-US\",\"@id\":\"https:\/\/chateaudechantilly.mdw.ovh\/visites-virtuelles\/#primaryimage\",\"url\":\"https:\/\/chateaudechantilly.mdw.ovh\/app\/uploads\/2021\/05\/La-fabrique-de-lextravagance-4314-HD.jpg\",\"contentUrl\":\"https:\/\/chateaudechantilly.mdw.ovh\/app\/uploads\/2021\/05\/La-fabrique-de-lextravagance-4314-HD.jpg\",\"width\":1333,\"height\":2000,\"caption\":\"Le Domaine de Chantilly nous propose une exposition tout en finesse : d\u00e9couvrez \\\"La Fabrique de l'Extravagance. Porcelaines de Meissen et de Chantilly\\\", du 5 septembre 2020 au 3 janvier 2021. Venez admirer pr\u00e8s de 130 pi\u00e8ces de collections rares et magnifiques, dans le cadre splendide du Ch\u00e2teau de Chantilly.\"},{\"@type\":\"BreadcrumbList\",\"@id\":\"https:\/\/chateaudechantilly.mdw.ovh\/visites-virtuelles\/#breadcrumb\",\"itemListElement\":[{\"@type\":\"ListItem\",\"position\":1,\"name\":\"Accueil\",\"item\":\"https:\/\/chateaudechantilly.mdw.ovh\/en\/\"},{\"@type\":\"ListItem\",\"position\":2,\"name\":\"Virtual tours\"}]},{\"@type\":\"WebSite\",\"@id\":\"https:\/\/chateaudechantilly.mdw.ovh\/#website\",\"url\":\"https:\/\/chateaudechantilly.mdw.ovh\/\",\"name\":\"Ch\u00e2teau de Chantilly\",\"description\":\"\",\"publisher\":{\"@id\":\"https:\/\/chateaudechantilly.mdw.ovh\/#organization\"},\"potentialAction\":[{\"@type\":\"SearchAction\",\"target\":{\"@type\":\"EntryPoint\",\"urlTemplate\":\"https:\/\/chateaudechantilly.mdw.ovh\/?s={search_term_string}\"},\"query-input\":{\"@type\":\"PropertyValueSpecification\",\"valueRequired\":true,\"valueName\":\"search_term_string\"}}],\"inLanguage\":\"en-US\"},{\"@type\":\"Organization\",\"@id\":\"https:\/\/chateaudechantilly.mdw.ovh\/#organization\",\"name\":\"Ch\u00e2teau de Chantilly\",\"url\":\"https:\/\/chateaudechantilly.mdw.ovh\/\",\"logo\":{\"@type\":\"ImageObject\",\"inLanguage\":\"en-US\",\"@id\":\"https:\/\/chateaudechantilly.mdw.ovh\/#\/schema\/logo\/image\/\",\"url\":\"https:\/\/chateaudechantilly.fr\/app\/uploads\/2020\/10\/Copyright-Sophie-Lloyd-Le-chateau-et-ses-douves-21.jpg\",\"contentUrl\":\"https:\/\/chateaudechantilly.fr\/app\/uploads\/2020\/10\/Copyright-Sophie-Lloyd-Le-chateau-et-ses-douves-21.jpg\",\"width\":1200,\"height\":800,\"caption\":\"Ch\u00e2teau de Chantilly\"},\"image\":{\"@id\":\"https:\/\/chateaudechantilly.mdw.ovh\/#\/schema\/logo\/image\/\"}}]}<\/script>\n<!-- \/ Yoast SEO plugin. -->","yoast_head_json":{"title":"Virtual tours - Ch\u00e2teau de Chantilly","robots":{"index":"index","follow":"follow","max-snippet":"max-snippet:-1","max-image-preview":"max-image-preview:large","max-video-preview":"max-video-preview:-1"},"canonical":"https:\/\/chateaudechantilly.mdw.ovh\/visites-virtuelles\/","og_locale":"en_US","og_type":"article","og_title":"Virtual tours - Ch\u00e2teau de Chantilly","og_description":"Virtual tours of our exhibitions &#8220;The Extravagance Factory. Meissen and Chantilly porcelain&#8221;Until 29 August 2021 In partnership with Scribe accroupi &#8220;Carmontelle and the age of pleasures&#8221;Until 1st August 2021 In partnership with Scribe accroupi","og_url":"https:\/\/chateaudechantilly.mdw.ovh\/visites-virtuelles\/","og_site_name":"Ch\u00e2teau de Chantilly","article_modified_time":"2021-06-02T13:17:22+00:00","og_image":[{"width":1333,"height":2000,"url":"https:\/\/chateaudechantilly.mdw.ovh\/app\/uploads\/2021\/05\/La-fabrique-de-lextravagance-4314-HD.jpg","type":"image\/jpeg"}],"twitter_card":"summary_large_image","twitter_misc":{"Est. reading time":"1 minute"},"schema":{"@context":"https:\/\/schema.org","@graph":[{"@type":"WebPage","@id":"https:\/\/chateaudechantilly.mdw.ovh\/visites-virtuelles\/","url":"https:\/\/chateaudechantilly.mdw.ovh\/visites-virtuelles\/","name":"Virtual tours - Ch\u00e2teau de Chantilly","isPartOf":{"@id":"https:\/\/chateaudechantilly.mdw.ovh\/#website"},"primaryImageOfPage":{"@id":"https:\/\/chateaudechantilly.mdw.ovh\/visites-virtuelles\/#primaryimage"},"image":{"@id":"https:\/\/chateaudechantilly.mdw.ovh\/visites-virtuelles\/#primaryimage"},"thumbnailUrl":"https:\/\/chateaudechantilly.mdw.ovh\/app\/uploads\/2021\/05\/La-fabrique-de-lextravagance-4314-HD.jpg","datePublished":"2021-05-28T09:46:58+00:00","dateModified":"2021-06-02T13:17:22+00:00","breadcrumb":{"@id":"https:\/\/chateaudechantilly.mdw.ovh\/visites-virtuelles\/#breadcrumb"},"inLanguage":"en-US","potentialAction":[{"@type":"ReadAction","target":["https:\/\/chateaudechantilly.mdw.ovh\/visites-virtuelles\/"]}]},{"@type":"ImageObject","inLanguage":"en-US","@id":"https:\/\/chateaudechantilly.mdw.ovh\/visites-virtuelles\/#primaryimage","url":"https:\/\/chateaudechantilly.mdw.ovh\/app\/uploads\/2021\/05\/La-fabrique-de-lextravagance-4314-HD.jpg","contentUrl":"https:\/\/chateaudechantilly.mdw.ovh\/app\/uploads\/2021\/05\/La-fabrique-de-lextravagance-4314-HD.jpg","width":1333,"height":2000,"caption":"Le Domaine de Chantilly nous propose une exposition tout en finesse : d\u00e9couvrez \"La Fabrique de l'Extravagance. Porcelaines de Meissen et de Chantilly\", du 5 septembre 2020 au 3 janvier 2021. Venez admirer pr\u00e8s de 130 pi\u00e8ces de collections rares et magnifiques, dans le cadre splendide du Ch\u00e2teau de Chantilly."},{"@type":"BreadcrumbList","@id":"https:\/\/chateaudechantilly.mdw.ovh\/visites-virtuelles\/#breadcrumb","itemListElement":[{"@type":"ListItem","position":1,"name":"Accueil","item":"https:\/\/chateaudechantilly.mdw.ovh\/en\/"},{"@type":"ListItem","position":2,"name":"Virtual tours"}]},{"@type":"WebSite","@id":"https:\/\/chateaudechantilly.mdw.ovh\/#website","url":"https:\/\/chateaudechantilly.mdw.ovh\/","name":"Ch\u00e2teau de Chantilly","description":"","publisher":{"@id":"https:\/\/chateaudechantilly.mdw.ovh\/#organization"},"potentialAction":[{"@type":"SearchAction","target":{"@type":"EntryPoint","urlTemplate":"https:\/\/chateaudechantilly.mdw.ovh\/?s={search_term_string}"},"query-input":{"@type":"PropertyValueSpecification","valueRequired":true,"valueName":"search_term_string"}}],"inLanguage":"en-US"},{"@type":"Organization","@id":"https:\/\/chateaudechantilly.mdw.ovh\/#organization","name":"Ch\u00e2teau de Chantilly","url":"https:\/\/chateaudechantilly.mdw.ovh\/","logo":{"@type":"ImageObject","inLanguage":"en-US","@id":"https:\/\/chateaudechantilly.mdw.ovh\/#\/schema\/logo\/image\/","url":"https:\/\/chateaudechantilly.fr\/app\/uploads\/2020\/10\/Copyright-Sophie-Lloyd-Le-chateau-et-ses-douves-21.jpg","contentUrl":"https:\/\/chateaudechantilly.fr\/app\/uploads\/2020\/10\/Copyright-Sophie-Lloyd-Le-chateau-et-ses-douves-21.jpg","width":1200,"height":800,"caption":"Ch\u00e2teau de Chantilly"},"image":{"@id":"https:\/\/chateaudechantilly.mdw.ovh\/#\/schema\/logo\/image\/"}}]}},"_links":{"self":[{"href":"https:\/\/chateaudechantilly.mdw.ovh\/en\/wp-json\/wp\/v2\/pages\/6595","targetHints":{"allow":["GET"]}}],"collection":[{"href":"https:\/\/chateaudechantilly.mdw.ovh\/en\/wp-json\/wp\/v2\/pages"}],"about":[{"href":"https:\/\/chateaudechantilly.mdw.ovh\/en\/wp-json\/wp\/v2\/types\/page"}],"author":[{"embeddable":true,"href":"https:\/\/chateaudechantilly.mdw.ovh\/en\/wp-json\/wp\/v2\/users\/6"}],"replies":[{"embeddable":true,"href":"https:\/\/chateaudechantilly.mdw.ovh\/en\/wp-json\/wp\/v2\/comments?post=6595"}],"version-history":[{"count":5,"href":"https:\/\/chateaudechantilly.mdw.ovh\/en\/wp-json\/wp\/v2\/pages\/6595\/revisions"}],"predecessor-version":[{"id":6601,"href":"https:\/\/chateaudechantilly.mdw.ovh\/en\/wp-json\/wp\/v2\/pages\/6595\/revisions\/6601"}],"wp:featuredmedia":[{"embeddable":true,"href":"https:\/\/chateaudechantilly.mdw.ovh\/en\/wp-json\/wp\/v2\/media\/6240"}],"wp:attachment":[{"href":"https:\/\/chateaudechantilly.mdw.ovh\/en\/wp-json\/wp\/v2\/media?parent=6595"}],"curies":[{"name":"wp","href":"https:\/\/api.w.org\/{rel}","templated":true}]}}