{"id":7508,"date":"2021-03-26T11:28:55","date_gmt":"2021-03-26T10:28:55","guid":{"rendered":"https:\/\/chateaudechantilly.fr\/itineraries\/visite-sous-la-pluie-que-faire\/"},"modified":"2023-09-01T09:37:39","modified_gmt":"2023-09-01T07:37:39","slug":"how-to-enjoy-a-visit-in-the-rain","status":"publish","type":"page","link":"https:\/\/chateaudechantilly.mdw.ovh\/en\/itineraries\/how-to-enjoy-a-visit-in-the-rain\/","title":{"rendered":"How to enjoy a visit in the rain?"},"content":{"rendered":"\n<h3 class=\"wp-block-heading\">Don&#8217;t panic, the Ch\u00e2teau and the Great Stables<strong> are bursting <\/strong>with treasures!<\/h3>\n\n\n\n<p>Stay warm and dry indoors with a visit to the ch\u00e2teau, its collections and its <a href=\"https:\/\/chateaudechantilly.fr\/en\/what-s-on\/\" target=\"_blank\" rel=\"noreferrer noopener\">temporary exhibitions<\/a>.<\/p>\n\n\n\n<div class=\"wp-block-columns is-layout-flex wp-container-core-columns-is-layout-9d6595d7 wp-block-columns-is-layout-flex\">\n<div class=\"wp-block-column is-layout-flow wp-block-column-is-layout-flow\">\n<figure class=\"wp-block-image size-large is-resized\"><img loading=\"lazy\" decoding=\"async\" src=\"https:\/\/chateaudechantilly.fr\/app\/uploads\/2021\/03\/Galerie-de-peinture-copyright-Sophie-LLoyd-1.jpg\" alt=\"\" class=\"wp-image-721\" width=\"650\" height=\"434\" srcset=\"https:\/\/chateaudechantilly.mdw.ovh\/app\/uploads\/2021\/03\/Galerie-de-peinture-copyright-Sophie-LLoyd-1.jpg 1300w, https:\/\/chateaudechantilly.mdw.ovh\/app\/uploads\/2021\/03\/Galerie-de-peinture-copyright-Sophie-LLoyd-1-576x384.jpg 576w, https:\/\/chateaudechantilly.mdw.ovh\/app\/uploads\/2021\/03\/Galerie-de-peinture-copyright-Sophie-LLoyd-1-768x513.jpg 768w, https:\/\/chateaudechantilly.mdw.ovh\/app\/uploads\/2021\/03\/Galerie-de-peinture-copyright-Sophie-LLoyd-1-992x662.jpg 992w\" sizes=\"auto, (max-width: 650px) 100vw, 650px\" \/><\/figure>\n<\/div>\n\n\n\n<div class=\"wp-block-column is-layout-flow wp-block-column-is-layout-flow\">\n<figure class=\"wp-block-image size-large is-resized\"><img loading=\"lazy\" decoding=\"async\" src=\"https:\/\/chateaudechantilly.fr\/app\/uploads\/2021\/04\/Grands-Appartements-Copyright-Sophie-Lloyd-scaled.jpg\" alt=\"\" class=\"wp-image-2037\" width=\"640\" height=\"427\" srcset=\"https:\/\/chateaudechantilly.mdw.ovh\/app\/uploads\/2021\/04\/Grands-Appartements-Copyright-Sophie-Lloyd-scaled.jpg 2560w, https:\/\/chateaudechantilly.mdw.ovh\/app\/uploads\/2021\/04\/Grands-Appartements-Copyright-Sophie-Lloyd-576x384.jpg 576w, https:\/\/chateaudechantilly.mdw.ovh\/app\/uploads\/2021\/04\/Grands-Appartements-Copyright-Sophie-Lloyd-768x512.jpg 768w, https:\/\/chateaudechantilly.mdw.ovh\/app\/uploads\/2021\/04\/Grands-Appartements-Copyright-Sophie-Lloyd-992x662.jpg 992w, https:\/\/chateaudechantilly.mdw.ovh\/app\/uploads\/2021\/04\/Grands-Appartements-Copyright-Sophie-Lloyd-1500x1001.jpg 1500w\" sizes=\"auto, (max-width: 640px) 100vw, 640px\" \/><\/figure>\n<\/div>\n\n\n\n<div class=\"wp-block-column is-layout-flow wp-block-column-is-layout-flow\">\n<figure class=\"wp-block-image size-large is-resized\"><img loading=\"lazy\" decoding=\"async\" src=\"https:\/\/chateaudechantilly.fr\/app\/uploads\/2021\/04\/Le-cabinet-des-Livres-0141-HD-scaled.jpg\" alt=\"\" class=\"wp-image-2042\" width=\"640\" height=\"427\" srcset=\"https:\/\/chateaudechantilly.mdw.ovh\/app\/uploads\/2021\/04\/Le-cabinet-des-Livres-0141-HD-scaled.jpg 2560w, https:\/\/chateaudechantilly.mdw.ovh\/app\/uploads\/2021\/04\/Le-cabinet-des-Livres-0141-HD-576x384.jpg 576w, https:\/\/chateaudechantilly.mdw.ovh\/app\/uploads\/2021\/04\/Le-cabinet-des-Livres-0141-HD-768x512.jpg 768w, https:\/\/chateaudechantilly.mdw.ovh\/app\/uploads\/2021\/04\/Le-cabinet-des-Livres-0141-HD-992x662.jpg 992w, https:\/\/chateaudechantilly.mdw.ovh\/app\/uploads\/2021\/04\/Le-cabinet-des-Livres-0141-HD-1500x1001.jpg 1500w\" sizes=\"auto, (max-width: 640px) 100vw, 640px\" \/><\/figure>\n<\/div>\n<\/div>\n\n\n\n<p>Then shelter under an umbrella while you walk to the Great Stables and the Museum of the Horse, just a few minutes away. An opportunity to see an equestrian demonstration or a show by the Equestrian troop, which stages original creations all year round that will delight children and adults alike. To find out what\u2019s on when, <a href=\"https:\/\/chateaudechantilly.fr\/en\/calendar\/\">see demonstration\/show dates<\/a>.<\/p>\n\n\n\n<figure class=\"wp-block-gallery has-nested-images columns-default is-cropped columns-2 wp-block-gallery-1 is-layout-flex wp-block-gallery-is-layout-flex\">\n<figure class=\"wp-block-image size-large\"><img loading=\"lazy\" decoding=\"async\" width=\"2500\" height=\"1785\" data-id=\"12518\" src=\"https:\/\/chateaudechantilly.fr\/app\/uploads\/2022\/07\/Iletaitunefois_\u00a9P.Renauldon-RBPresse3-scaled-e1655367831621-1.jpg\" alt=\"\" class=\"wp-image-12518\" srcset=\"https:\/\/chateaudechantilly.mdw.ovh\/app\/uploads\/2022\/07\/Iletaitunefois_\u00a9P.Renauldon-RBPresse3-scaled-e1655367831621-1.jpg 2500w, https:\/\/chateaudechantilly.mdw.ovh\/app\/uploads\/2022\/07\/Iletaitunefois_\u00a9P.Renauldon-RBPresse3-scaled-e1655367831621-1-538x384.jpg 538w, https:\/\/chateaudechantilly.mdw.ovh\/app\/uploads\/2022\/07\/Iletaitunefois_\u00a9P.Renauldon-RBPresse3-scaled-e1655367831621-1-717x512.jpg 717w, https:\/\/chateaudechantilly.mdw.ovh\/app\/uploads\/2022\/07\/Iletaitunefois_\u00a9P.Renauldon-RBPresse3-scaled-e1655367831621-1-927x662.jpg 927w, https:\/\/chateaudechantilly.mdw.ovh\/app\/uploads\/2022\/07\/Iletaitunefois_\u00a9P.Renauldon-RBPresse3-scaled-e1655367831621-1-1402x1001.jpg 1402w\" sizes=\"auto, (max-width: 2500px) 100vw, 2500px\" \/><figcaption class=\"wp-element-caption\">RB Presse<\/figcaption><\/figure>\n\n\n\n<figure class=\"wp-block-image size-large\"><img decoding=\"async\" data-id=\"9352\" src=\"https:\/\/chateaudechantilly.fr\/app\/uploads\/2021\/11\/Noel-au-Chateau-de-Chantilly-2021-112-e1638288153152.jpg\" alt=\"\" class=\"wp-image-9352\"\/><figcaption class=\"wp-element-caption\">JB Quillien<\/figcaption><\/figure>\n<\/figure>\n\n\n\n<p>You can visit the grounds and their gardens next time!<\/p>\n\n\n\n<div style=\"height:50px\" aria-hidden=\"true\" class=\"wp-block-spacer\"><\/div>\n\n\n\n<h3 class=\"wp-block-heading\">Map<\/h3>\n\n\n\n<figure class=\"wp-block-image size-full\"><img loading=\"lazy\" decoding=\"async\" width=\"2500\" height=\"1768\" src=\"https:\/\/chateaudechantilly.fr\/app\/uploads\/2023\/08\/2023_Plan_A0_Domaine_FR_GB_SITE_compressed_page-0001-e1693553132300.jpg\" alt=\"\" class=\"wp-image-19082\" srcset=\"https:\/\/chateaudechantilly.mdw.ovh\/app\/uploads\/2023\/08\/2023_Plan_A0_Domaine_FR_GB_SITE_compressed_page-0001-e1693553132300.jpg 2500w, https:\/\/chateaudechantilly.mdw.ovh\/app\/uploads\/2023\/08\/2023_Plan_A0_Domaine_FR_GB_SITE_compressed_page-0001-e1693553132300-543x384.jpg 543w, https:\/\/chateaudechantilly.mdw.ovh\/app\/uploads\/2023\/08\/2023_Plan_A0_Domaine_FR_GB_SITE_compressed_page-0001-e1693553132300-724x512.jpg 724w, https:\/\/chateaudechantilly.mdw.ovh\/app\/uploads\/2023\/08\/2023_Plan_A0_Domaine_FR_GB_SITE_compressed_page-0001-e1693553132300-936x662.jpg 936w, https:\/\/chateaudechantilly.mdw.ovh\/app\/uploads\/2023\/08\/2023_Plan_A0_Domaine_FR_GB_SITE_compressed_page-0001-e1693553132300-1415x1001.jpg 1415w\" sizes=\"auto, (max-width: 2500px) 100vw, 2500px\" \/><\/figure>\n","protected":false},"excerpt":{"rendered":"<p>Don&#8217;t panic, the Ch\u00e2teau and the Great Stables are bursting with treasures! Stay warm and dry indoors with a visit to the ch\u00e2teau, its collections and its temporary exhibitions. Then shelter under an umbrella while you walk to the Great Stables and the Museum of the Horse, just a few minutes away. An opportunity to &hellip; <a href=\"https:\/\/chateaudechantilly.mdw.ovh\/en\/itineraries\/how-to-enjoy-a-visit-in-the-rain\/\">Continued<\/a><\/p>\n","protected":false},"author":3,"featured_media":7505,"parent":4567,"menu_order":0,"comment_status":"closed","ping_status":"closed","template":"views\/template-parcours.blade.php","meta":{"_acf_changed":false,"footnotes":""},"class_list":["post-7508","page","type-page","status-publish","has-post-thumbnail","hentry"],"acf":[],"yoast_head":"<!-- This site is optimized with the Yoast SEO plugin v25.5 - https:\/\/yoast.com\/wordpress\/plugins\/seo\/ -->\n<title>How to enjoy a visit in the rain? - Ch\u00e2teau de Chantilly<\/title>\n<meta name=\"robots\" content=\"index, follow, max-snippet:-1, max-image-preview:large, max-video-preview:-1\" \/>\n<link rel=\"canonical\" href=\"https:\/\/chateaudechantilly.mdw.ovh\/parcours\/visite-sous-la-pluie-que-faire\/\" \/>\n<meta property=\"og:locale\" content=\"en_US\" \/>\n<meta property=\"og:type\" content=\"article\" \/>\n<meta property=\"og:title\" content=\"How to enjoy a visit in the rain? - Ch\u00e2teau de Chantilly\" \/>\n<meta property=\"og:description\" content=\"Don&#8217;t panic, the Ch\u00e2teau and the Great Stables are bursting with treasures! Stay warm and dry indoors with a visit to the ch\u00e2teau, its collections and its temporary exhibitions. Then shelter under an umbrella while you walk to the Great Stables and the Museum of the Horse, just a few minutes away. An opportunity to &hellip; Continued\" \/>\n<meta property=\"og:url\" content=\"https:\/\/chateaudechantilly.mdw.ovh\/parcours\/visite-sous-la-pluie-que-faire\/\" \/>\n<meta property=\"og:site_name\" content=\"Ch\u00e2teau de Chantilly\" \/>\n<meta property=\"article:modified_time\" content=\"2023-09-01T07:37:39+00:00\" \/>\n<meta property=\"og:image\" content=\"https:\/\/chateaudechantilly.mdw.ovh\/app\/uploads\/2021\/06\/5-mars.jpg\" \/>\n\t<meta property=\"og:image:width\" content=\"2500\" \/>\n\t<meta property=\"og:image:height\" content=\"1668\" \/>\n\t<meta property=\"og:image:type\" content=\"image\/jpeg\" \/>\n<meta name=\"twitter:card\" content=\"summary_large_image\" \/>\n<script type=\"application\/ld+json\" class=\"yoast-schema-graph\">{\"@context\":\"https:\/\/schema.org\",\"@graph\":[{\"@type\":\"WebPage\",\"@id\":\"https:\/\/chateaudechantilly.mdw.ovh\/parcours\/visite-sous-la-pluie-que-faire\/\",\"url\":\"https:\/\/chateaudechantilly.mdw.ovh\/parcours\/visite-sous-la-pluie-que-faire\/\",\"name\":\"How to enjoy a visit in the rain? - Ch\u00e2teau de Chantilly\",\"isPartOf\":{\"@id\":\"https:\/\/chateaudechantilly.mdw.ovh\/#website\"},\"primaryImageOfPage\":{\"@id\":\"https:\/\/chateaudechantilly.mdw.ovh\/parcours\/visite-sous-la-pluie-que-faire\/#primaryimage\"},\"image\":{\"@id\":\"https:\/\/chateaudechantilly.mdw.ovh\/parcours\/visite-sous-la-pluie-que-faire\/#primaryimage\"},\"thumbnailUrl\":\"https:\/\/chateaudechantilly.mdw.ovh\/app\/uploads\/2021\/06\/5-mars.jpg\",\"datePublished\":\"2021-03-26T10:28:55+00:00\",\"dateModified\":\"2023-09-01T07:37:39+00:00\",\"breadcrumb\":{\"@id\":\"https:\/\/chateaudechantilly.mdw.ovh\/parcours\/visite-sous-la-pluie-que-faire\/#breadcrumb\"},\"inLanguage\":\"en-US\",\"potentialAction\":[{\"@type\":\"ReadAction\",\"target\":[\"https:\/\/chateaudechantilly.mdw.ovh\/parcours\/visite-sous-la-pluie-que-faire\/\"]}]},{\"@type\":\"ImageObject\",\"inLanguage\":\"en-US\",\"@id\":\"https:\/\/chateaudechantilly.mdw.ovh\/parcours\/visite-sous-la-pluie-que-faire\/#primaryimage\",\"url\":\"https:\/\/chateaudechantilly.mdw.ovh\/app\/uploads\/2021\/06\/5-mars.jpg\",\"contentUrl\":\"https:\/\/chateaudechantilly.mdw.ovh\/app\/uploads\/2021\/06\/5-mars.jpg\",\"width\":2500,\"height\":1668,\"caption\":\"5 mars\"},{\"@type\":\"BreadcrumbList\",\"@id\":\"https:\/\/chateaudechantilly.mdw.ovh\/parcours\/visite-sous-la-pluie-que-faire\/#breadcrumb\",\"itemListElement\":[{\"@type\":\"ListItem\",\"position\":1,\"name\":\"Accueil\",\"item\":\"https:\/\/chateaudechantilly.mdw.ovh\/en\/\"},{\"@type\":\"ListItem\",\"position\":2,\"name\":\"Itineraries\",\"item\":\"https:\/\/chateaudechantilly.mdw.ovh\/en\/itineraries\/\"},{\"@type\":\"ListItem\",\"position\":3,\"name\":\"How to enjoy a visit in the rain?\"}]},{\"@type\":\"WebSite\",\"@id\":\"https:\/\/chateaudechantilly.mdw.ovh\/#website\",\"url\":\"https:\/\/chateaudechantilly.mdw.ovh\/\",\"name\":\"Ch\u00e2teau de Chantilly\",\"description\":\"\",\"publisher\":{\"@id\":\"https:\/\/chateaudechantilly.mdw.ovh\/#organization\"},\"potentialAction\":[{\"@type\":\"SearchAction\",\"target\":{\"@type\":\"EntryPoint\",\"urlTemplate\":\"https:\/\/chateaudechantilly.mdw.ovh\/?s={search_term_string}\"},\"query-input\":{\"@type\":\"PropertyValueSpecification\",\"valueRequired\":true,\"valueName\":\"search_term_string\"}}],\"inLanguage\":\"en-US\"},{\"@type\":\"Organization\",\"@id\":\"https:\/\/chateaudechantilly.mdw.ovh\/#organization\",\"name\":\"Ch\u00e2teau de Chantilly\",\"url\":\"https:\/\/chateaudechantilly.mdw.ovh\/\",\"logo\":{\"@type\":\"ImageObject\",\"inLanguage\":\"en-US\",\"@id\":\"https:\/\/chateaudechantilly.mdw.ovh\/#\/schema\/logo\/image\/\",\"url\":\"https:\/\/chateaudechantilly.fr\/app\/uploads\/2020\/10\/Copyright-Sophie-Lloyd-Le-chateau-et-ses-douves-21.jpg\",\"contentUrl\":\"https:\/\/chateaudechantilly.fr\/app\/uploads\/2020\/10\/Copyright-Sophie-Lloyd-Le-chateau-et-ses-douves-21.jpg\",\"width\":1200,\"height\":800,\"caption\":\"Ch\u00e2teau de Chantilly\"},\"image\":{\"@id\":\"https:\/\/chateaudechantilly.mdw.ovh\/#\/schema\/logo\/image\/\"}}]}<\/script>\n<!-- \/ Yoast SEO plugin. -->","yoast_head_json":{"title":"How to enjoy a visit in the rain? - Ch\u00e2teau de Chantilly","robots":{"index":"index","follow":"follow","max-snippet":"max-snippet:-1","max-image-preview":"max-image-preview:large","max-video-preview":"max-video-preview:-1"},"canonical":"https:\/\/chateaudechantilly.mdw.ovh\/parcours\/visite-sous-la-pluie-que-faire\/","og_locale":"en_US","og_type":"article","og_title":"How to enjoy a visit in the rain? - Ch\u00e2teau de Chantilly","og_description":"Don&#8217;t panic, the Ch\u00e2teau and the Great Stables are bursting with treasures! Stay warm and dry indoors with a visit to the ch\u00e2teau, its collections and its temporary exhibitions. Then shelter under an umbrella while you walk to the Great Stables and the Museum of the Horse, just a few minutes away. An opportunity to &hellip; Continued","og_url":"https:\/\/chateaudechantilly.mdw.ovh\/parcours\/visite-sous-la-pluie-que-faire\/","og_site_name":"Ch\u00e2teau de Chantilly","article_modified_time":"2023-09-01T07:37:39+00:00","og_image":[{"width":2500,"height":1668,"url":"https:\/\/chateaudechantilly.mdw.ovh\/app\/uploads\/2021\/06\/5-mars.jpg","type":"image\/jpeg"}],"twitter_card":"summary_large_image","schema":{"@context":"https:\/\/schema.org","@graph":[{"@type":"WebPage","@id":"https:\/\/chateaudechantilly.mdw.ovh\/parcours\/visite-sous-la-pluie-que-faire\/","url":"https:\/\/chateaudechantilly.mdw.ovh\/parcours\/visite-sous-la-pluie-que-faire\/","name":"How to enjoy a visit in the rain? - Ch\u00e2teau de Chantilly","isPartOf":{"@id":"https:\/\/chateaudechantilly.mdw.ovh\/#website"},"primaryImageOfPage":{"@id":"https:\/\/chateaudechantilly.mdw.ovh\/parcours\/visite-sous-la-pluie-que-faire\/#primaryimage"},"image":{"@id":"https:\/\/chateaudechantilly.mdw.ovh\/parcours\/visite-sous-la-pluie-que-faire\/#primaryimage"},"thumbnailUrl":"https:\/\/chateaudechantilly.mdw.ovh\/app\/uploads\/2021\/06\/5-mars.jpg","datePublished":"2021-03-26T10:28:55+00:00","dateModified":"2023-09-01T07:37:39+00:00","breadcrumb":{"@id":"https:\/\/chateaudechantilly.mdw.ovh\/parcours\/visite-sous-la-pluie-que-faire\/#breadcrumb"},"inLanguage":"en-US","potentialAction":[{"@type":"ReadAction","target":["https:\/\/chateaudechantilly.mdw.ovh\/parcours\/visite-sous-la-pluie-que-faire\/"]}]},{"@type":"ImageObject","inLanguage":"en-US","@id":"https:\/\/chateaudechantilly.mdw.ovh\/parcours\/visite-sous-la-pluie-que-faire\/#primaryimage","url":"https:\/\/chateaudechantilly.mdw.ovh\/app\/uploads\/2021\/06\/5-mars.jpg","contentUrl":"https:\/\/chateaudechantilly.mdw.ovh\/app\/uploads\/2021\/06\/5-mars.jpg","width":2500,"height":1668,"caption":"5 mars"},{"@type":"BreadcrumbList","@id":"https:\/\/chateaudechantilly.mdw.ovh\/parcours\/visite-sous-la-pluie-que-faire\/#breadcrumb","itemListElement":[{"@type":"ListItem","position":1,"name":"Accueil","item":"https:\/\/chateaudechantilly.mdw.ovh\/en\/"},{"@type":"ListItem","position":2,"name":"Itineraries","item":"https:\/\/chateaudechantilly.mdw.ovh\/en\/itineraries\/"},{"@type":"ListItem","position":3,"name":"How to enjoy a visit in the rain?"}]},{"@type":"WebSite","@id":"https:\/\/chateaudechantilly.mdw.ovh\/#website","url":"https:\/\/chateaudechantilly.mdw.ovh\/","name":"Ch\u00e2teau de Chantilly","description":"","publisher":{"@id":"https:\/\/chateaudechantilly.mdw.ovh\/#organization"},"potentialAction":[{"@type":"SearchAction","target":{"@type":"EntryPoint","urlTemplate":"https:\/\/chateaudechantilly.mdw.ovh\/?s={search_term_string}"},"query-input":{"@type":"PropertyValueSpecification","valueRequired":true,"valueName":"search_term_string"}}],"inLanguage":"en-US"},{"@type":"Organization","@id":"https:\/\/chateaudechantilly.mdw.ovh\/#organization","name":"Ch\u00e2teau de Chantilly","url":"https:\/\/chateaudechantilly.mdw.ovh\/","logo":{"@type":"ImageObject","inLanguage":"en-US","@id":"https:\/\/chateaudechantilly.mdw.ovh\/#\/schema\/logo\/image\/","url":"https:\/\/chateaudechantilly.fr\/app\/uploads\/2020\/10\/Copyright-Sophie-Lloyd-Le-chateau-et-ses-douves-21.jpg","contentUrl":"https:\/\/chateaudechantilly.fr\/app\/uploads\/2020\/10\/Copyright-Sophie-Lloyd-Le-chateau-et-ses-douves-21.jpg","width":1200,"height":800,"caption":"Ch\u00e2teau de Chantilly"},"image":{"@id":"https:\/\/chateaudechantilly.mdw.ovh\/#\/schema\/logo\/image\/"}}]}},"_links":{"self":[{"href":"https:\/\/chateaudechantilly.mdw.ovh\/en\/wp-json\/wp\/v2\/pages\/7508","targetHints":{"allow":["GET"]}}],"collection":[{"href":"https:\/\/chateaudechantilly.mdw.ovh\/en\/wp-json\/wp\/v2\/pages"}],"about":[{"href":"https:\/\/chateaudechantilly.mdw.ovh\/en\/wp-json\/wp\/v2\/types\/page"}],"author":[{"embeddable":true,"href":"https:\/\/chateaudechantilly.mdw.ovh\/en\/wp-json\/wp\/v2\/users\/3"}],"replies":[{"embeddable":true,"href":"https:\/\/chateaudechantilly.mdw.ovh\/en\/wp-json\/wp\/v2\/comments?post=7508"}],"version-history":[{"count":6,"href":"https:\/\/chateaudechantilly.mdw.ovh\/en\/wp-json\/wp\/v2\/pages\/7508\/revisions"}],"predecessor-version":[{"id":19099,"href":"https:\/\/chateaudechantilly.mdw.ovh\/en\/wp-json\/wp\/v2\/pages\/7508\/revisions\/19099"}],"up":[{"embeddable":true,"href":"https:\/\/chateaudechantilly.mdw.ovh\/en\/wp-json\/wp\/v2\/pages\/4567"}],"wp:featuredmedia":[{"embeddable":true,"href":"https:\/\/chateaudechantilly.mdw.ovh\/en\/wp-json\/wp\/v2\/media\/7505"}],"wp:attachment":[{"href":"https:\/\/chateaudechantilly.mdw.ovh\/en\/wp-json\/wp\/v2\/media?parent=7508"}],"curies":[{"name":"wp","href":"https:\/\/api.w.org\/{rel}","templated":true}]}}