{"id":7513,"date":"2021-03-26T11:28:10","date_gmt":"2021-03-26T10:28:10","guid":{"rendered":"https:\/\/chateaudechantilly.fr\/itineraries\/vous-etes-deja-venus\/"},"modified":"2023-09-05T10:16:13","modified_gmt":"2023-09-05T08:16:13","slug":"not-your-first-visit","status":"publish","type":"page","link":"https:\/\/chateaudechantilly.mdw.ovh\/en\/itineraries\/not-your-first-visit\/","title":{"rendered":"Not your first visit?"},"content":{"rendered":"\n<h3 class=\"wp-block-heading\">Discover our temporary exhibitions, events and shows<\/h3>\n\n\n\n<p>Have you already visited the ch\u00e2teau, the grounds and the Great Stables? No problem, with our temporary exhibitions you can discover the collections in the ch\u00e2teau from a new angle and admire original masterpieces!<\/p>\n\n\n\n<p>We also propose events, such as the Chantilly Flower Show or the year-round equestrian shows that delight children and adults alike.<\/p>\n\n\n\n<div class=\"wp-block-buttons is-horizontal is-content-justification-center is-layout-flex wp-container-core-buttons-is-layout-499968f5 wp-block-buttons-is-layout-flex\">\n<div class=\"wp-block-button is-style-outline is-style-outline--1\"><a class=\"wp-block-button__link has-black-color has-text-color wp-element-button\" href=\"https:\/\/chateaudechantilly.fr\/en\/what-s-on\/\" style=\"border-radius:2px\" target=\"_blank\" rel=\"noreferrer noopener\">See programme<\/a><\/div>\n<\/div>\n","protected":false},"excerpt":{"rendered":"<p>Discover our temporary exhibitions, events and shows Have you already visited the ch\u00e2teau, the grounds and the Great Stables? No problem, with our temporary exhibitions you can discover the collections in the ch\u00e2teau from a new angle and admire original masterpieces! We also propose events, such as the Chantilly Flower Show or the year-round equestrian &hellip; <a href=\"https:\/\/chateaudechantilly.mdw.ovh\/en\/itineraries\/not-your-first-visit\/\">Continued<\/a><\/p>\n","protected":false},"author":3,"featured_media":5901,"parent":4567,"menu_order":0,"comment_status":"closed","ping_status":"closed","template":"views\/template-parcours.blade.php","meta":{"_acf_changed":false,"footnotes":""},"class_list":["post-7513","page","type-page","status-publish","has-post-thumbnail","hentry"],"acf":[],"yoast_head":"<!-- This site is optimized with the Yoast SEO plugin v25.5 - https:\/\/yoast.com\/wordpress\/plugins\/seo\/ -->\n<title>Not your first visit? - Ch\u00e2teau de Chantilly<\/title>\n<meta name=\"robots\" content=\"index, follow, max-snippet:-1, max-image-preview:large, max-video-preview:-1\" \/>\n<link rel=\"canonical\" href=\"https:\/\/chateaudechantilly.mdw.ovh\/en\/itineraries\/not-your-first-visit\/\" \/>\n<meta property=\"og:locale\" content=\"en_US\" \/>\n<meta property=\"og:type\" content=\"article\" \/>\n<meta property=\"og:title\" content=\"Not your first visit? - Ch\u00e2teau de Chantilly\" \/>\n<meta property=\"og:description\" content=\"Discover our temporary exhibitions, events and shows Have you already visited the ch\u00e2teau, the grounds and the Great Stables? No problem, with our temporary exhibitions you can discover the collections in the ch\u00e2teau from a new angle and admire original masterpieces! We also propose events, such as the Chantilly Flower Show or the year-round equestrian &hellip; Continued\" \/>\n<meta property=\"og:url\" content=\"https:\/\/chateaudechantilly.mdw.ovh\/en\/itineraries\/not-your-first-visit\/\" \/>\n<meta property=\"og:site_name\" content=\"Ch\u00e2teau de Chantilly\" \/>\n<meta property=\"article:modified_time\" content=\"2023-09-05T08:16:13+00:00\" \/>\n<meta property=\"og:image\" content=\"https:\/\/chateaudechantilly.mdw.ovh\/app\/uploads\/2021\/05\/deja-venu-chateau-chantilly.jpg\" \/>\n\t<meta property=\"og:image:width\" content=\"1400\" \/>\n\t<meta property=\"og:image:height\" content=\"933\" \/>\n\t<meta property=\"og:image:type\" content=\"image\/jpeg\" \/>\n<meta name=\"twitter:card\" content=\"summary_large_image\" \/>\n<meta name=\"twitter:label1\" content=\"Est. reading time\" \/>\n\t<meta name=\"twitter:data1\" content=\"1 minute\" \/>\n<script type=\"application\/ld+json\" class=\"yoast-schema-graph\">{\"@context\":\"https:\/\/schema.org\",\"@graph\":[{\"@type\":\"WebPage\",\"@id\":\"https:\/\/chateaudechantilly.mdw.ovh\/en\/itineraries\/not-your-first-visit\/\",\"url\":\"https:\/\/chateaudechantilly.mdw.ovh\/en\/itineraries\/not-your-first-visit\/\",\"name\":\"Not your first visit? - Ch\u00e2teau de Chantilly\",\"isPartOf\":{\"@id\":\"https:\/\/chateaudechantilly.mdw.ovh\/#website\"},\"primaryImageOfPage\":{\"@id\":\"https:\/\/chateaudechantilly.mdw.ovh\/en\/itineraries\/not-your-first-visit\/#primaryimage\"},\"image\":{\"@id\":\"https:\/\/chateaudechantilly.mdw.ovh\/en\/itineraries\/not-your-first-visit\/#primaryimage\"},\"thumbnailUrl\":\"https:\/\/chateaudechantilly.mdw.ovh\/app\/uploads\/2021\/05\/deja-venu-chateau-chantilly.jpg\",\"datePublished\":\"2021-03-26T10:28:10+00:00\",\"dateModified\":\"2023-09-05T08:16:13+00:00\",\"breadcrumb\":{\"@id\":\"https:\/\/chateaudechantilly.mdw.ovh\/en\/itineraries\/not-your-first-visit\/#breadcrumb\"},\"inLanguage\":\"en-US\",\"potentialAction\":[{\"@type\":\"ReadAction\",\"target\":[\"https:\/\/chateaudechantilly.mdw.ovh\/en\/itineraries\/not-your-first-visit\/\"]}]},{\"@type\":\"ImageObject\",\"inLanguage\":\"en-US\",\"@id\":\"https:\/\/chateaudechantilly.mdw.ovh\/en\/itineraries\/not-your-first-visit\/#primaryimage\",\"url\":\"https:\/\/chateaudechantilly.mdw.ovh\/app\/uploads\/2021\/05\/deja-venu-chateau-chantilly.jpg\",\"contentUrl\":\"https:\/\/chateaudechantilly.mdw.ovh\/app\/uploads\/2021\/05\/deja-venu-chateau-chantilly.jpg\",\"width\":1400,\"height\":933,\"caption\":\"D\u00e9j\u00e0 venu au Ch\u00e2teau de Chantilly\"},{\"@type\":\"BreadcrumbList\",\"@id\":\"https:\/\/chateaudechantilly.mdw.ovh\/en\/itineraries\/not-your-first-visit\/#breadcrumb\",\"itemListElement\":[{\"@type\":\"ListItem\",\"position\":1,\"name\":\"Accueil\",\"item\":\"https:\/\/chateaudechantilly.mdw.ovh\/en\/\"},{\"@type\":\"ListItem\",\"position\":2,\"name\":\"Itineraries\",\"item\":\"https:\/\/chateaudechantilly.mdw.ovh\/en\/itineraries\/\"},{\"@type\":\"ListItem\",\"position\":3,\"name\":\"Not your first visit?\"}]},{\"@type\":\"WebSite\",\"@id\":\"https:\/\/chateaudechantilly.mdw.ovh\/#website\",\"url\":\"https:\/\/chateaudechantilly.mdw.ovh\/\",\"name\":\"Ch\u00e2teau de Chantilly\",\"description\":\"\",\"publisher\":{\"@id\":\"https:\/\/chateaudechantilly.mdw.ovh\/#organization\"},\"potentialAction\":[{\"@type\":\"SearchAction\",\"target\":{\"@type\":\"EntryPoint\",\"urlTemplate\":\"https:\/\/chateaudechantilly.mdw.ovh\/?s={search_term_string}\"},\"query-input\":{\"@type\":\"PropertyValueSpecification\",\"valueRequired\":true,\"valueName\":\"search_term_string\"}}],\"inLanguage\":\"en-US\"},{\"@type\":\"Organization\",\"@id\":\"https:\/\/chateaudechantilly.mdw.ovh\/#organization\",\"name\":\"Ch\u00e2teau de Chantilly\",\"url\":\"https:\/\/chateaudechantilly.mdw.ovh\/\",\"logo\":{\"@type\":\"ImageObject\",\"inLanguage\":\"en-US\",\"@id\":\"https:\/\/chateaudechantilly.mdw.ovh\/#\/schema\/logo\/image\/\",\"url\":\"https:\/\/chateaudechantilly.fr\/app\/uploads\/2020\/10\/Copyright-Sophie-Lloyd-Le-chateau-et-ses-douves-21.jpg\",\"contentUrl\":\"https:\/\/chateaudechantilly.fr\/app\/uploads\/2020\/10\/Copyright-Sophie-Lloyd-Le-chateau-et-ses-douves-21.jpg\",\"width\":1200,\"height\":800,\"caption\":\"Ch\u00e2teau de Chantilly\"},\"image\":{\"@id\":\"https:\/\/chateaudechantilly.mdw.ovh\/#\/schema\/logo\/image\/\"}}]}<\/script>\n<!-- \/ Yoast SEO plugin. -->","yoast_head_json":{"title":"Not your first visit? - Ch\u00e2teau de Chantilly","robots":{"index":"index","follow":"follow","max-snippet":"max-snippet:-1","max-image-preview":"max-image-preview:large","max-video-preview":"max-video-preview:-1"},"canonical":"https:\/\/chateaudechantilly.mdw.ovh\/en\/itineraries\/not-your-first-visit\/","og_locale":"en_US","og_type":"article","og_title":"Not your first visit? - Ch\u00e2teau de Chantilly","og_description":"Discover our temporary exhibitions, events and shows Have you already visited the ch\u00e2teau, the grounds and the Great Stables? No problem, with our temporary exhibitions you can discover the collections in the ch\u00e2teau from a new angle and admire original masterpieces! We also propose events, such as the Chantilly Flower Show or the year-round equestrian &hellip; Continued","og_url":"https:\/\/chateaudechantilly.mdw.ovh\/en\/itineraries\/not-your-first-visit\/","og_site_name":"Ch\u00e2teau de Chantilly","article_modified_time":"2023-09-05T08:16:13+00:00","og_image":[{"width":1400,"height":933,"url":"https:\/\/chateaudechantilly.mdw.ovh\/app\/uploads\/2021\/05\/deja-venu-chateau-chantilly.jpg","type":"image\/jpeg"}],"twitter_card":"summary_large_image","twitter_misc":{"Est. reading time":"1 minute"},"schema":{"@context":"https:\/\/schema.org","@graph":[{"@type":"WebPage","@id":"https:\/\/chateaudechantilly.mdw.ovh\/en\/itineraries\/not-your-first-visit\/","url":"https:\/\/chateaudechantilly.mdw.ovh\/en\/itineraries\/not-your-first-visit\/","name":"Not your first visit? - Ch\u00e2teau de Chantilly","isPartOf":{"@id":"https:\/\/chateaudechantilly.mdw.ovh\/#website"},"primaryImageOfPage":{"@id":"https:\/\/chateaudechantilly.mdw.ovh\/en\/itineraries\/not-your-first-visit\/#primaryimage"},"image":{"@id":"https:\/\/chateaudechantilly.mdw.ovh\/en\/itineraries\/not-your-first-visit\/#primaryimage"},"thumbnailUrl":"https:\/\/chateaudechantilly.mdw.ovh\/app\/uploads\/2021\/05\/deja-venu-chateau-chantilly.jpg","datePublished":"2021-03-26T10:28:10+00:00","dateModified":"2023-09-05T08:16:13+00:00","breadcrumb":{"@id":"https:\/\/chateaudechantilly.mdw.ovh\/en\/itineraries\/not-your-first-visit\/#breadcrumb"},"inLanguage":"en-US","potentialAction":[{"@type":"ReadAction","target":["https:\/\/chateaudechantilly.mdw.ovh\/en\/itineraries\/not-your-first-visit\/"]}]},{"@type":"ImageObject","inLanguage":"en-US","@id":"https:\/\/chateaudechantilly.mdw.ovh\/en\/itineraries\/not-your-first-visit\/#primaryimage","url":"https:\/\/chateaudechantilly.mdw.ovh\/app\/uploads\/2021\/05\/deja-venu-chateau-chantilly.jpg","contentUrl":"https:\/\/chateaudechantilly.mdw.ovh\/app\/uploads\/2021\/05\/deja-venu-chateau-chantilly.jpg","width":1400,"height":933,"caption":"D\u00e9j\u00e0 venu au Ch\u00e2teau de Chantilly"},{"@type":"BreadcrumbList","@id":"https:\/\/chateaudechantilly.mdw.ovh\/en\/itineraries\/not-your-first-visit\/#breadcrumb","itemListElement":[{"@type":"ListItem","position":1,"name":"Accueil","item":"https:\/\/chateaudechantilly.mdw.ovh\/en\/"},{"@type":"ListItem","position":2,"name":"Itineraries","item":"https:\/\/chateaudechantilly.mdw.ovh\/en\/itineraries\/"},{"@type":"ListItem","position":3,"name":"Not your first visit?"}]},{"@type":"WebSite","@id":"https:\/\/chateaudechantilly.mdw.ovh\/#website","url":"https:\/\/chateaudechantilly.mdw.ovh\/","name":"Ch\u00e2teau de Chantilly","description":"","publisher":{"@id":"https:\/\/chateaudechantilly.mdw.ovh\/#organization"},"potentialAction":[{"@type":"SearchAction","target":{"@type":"EntryPoint","urlTemplate":"https:\/\/chateaudechantilly.mdw.ovh\/?s={search_term_string}"},"query-input":{"@type":"PropertyValueSpecification","valueRequired":true,"valueName":"search_term_string"}}],"inLanguage":"en-US"},{"@type":"Organization","@id":"https:\/\/chateaudechantilly.mdw.ovh\/#organization","name":"Ch\u00e2teau de Chantilly","url":"https:\/\/chateaudechantilly.mdw.ovh\/","logo":{"@type":"ImageObject","inLanguage":"en-US","@id":"https:\/\/chateaudechantilly.mdw.ovh\/#\/schema\/logo\/image\/","url":"https:\/\/chateaudechantilly.fr\/app\/uploads\/2020\/10\/Copyright-Sophie-Lloyd-Le-chateau-et-ses-douves-21.jpg","contentUrl":"https:\/\/chateaudechantilly.fr\/app\/uploads\/2020\/10\/Copyright-Sophie-Lloyd-Le-chateau-et-ses-douves-21.jpg","width":1200,"height":800,"caption":"Ch\u00e2teau de Chantilly"},"image":{"@id":"https:\/\/chateaudechantilly.mdw.ovh\/#\/schema\/logo\/image\/"}}]}},"_links":{"self":[{"href":"https:\/\/chateaudechantilly.mdw.ovh\/en\/wp-json\/wp\/v2\/pages\/7513","targetHints":{"allow":["GET"]}}],"collection":[{"href":"https:\/\/chateaudechantilly.mdw.ovh\/en\/wp-json\/wp\/v2\/pages"}],"about":[{"href":"https:\/\/chateaudechantilly.mdw.ovh\/en\/wp-json\/wp\/v2\/types\/page"}],"author":[{"embeddable":true,"href":"https:\/\/chateaudechantilly.mdw.ovh\/en\/wp-json\/wp\/v2\/users\/3"}],"replies":[{"embeddable":true,"href":"https:\/\/chateaudechantilly.mdw.ovh\/en\/wp-json\/wp\/v2\/comments?post=7513"}],"version-history":[{"count":2,"href":"https:\/\/chateaudechantilly.mdw.ovh\/en\/wp-json\/wp\/v2\/pages\/7513\/revisions"}],"predecessor-version":[{"id":19100,"href":"https:\/\/chateaudechantilly.mdw.ovh\/en\/wp-json\/wp\/v2\/pages\/7513\/revisions\/19100"}],"up":[{"embeddable":true,"href":"https:\/\/chateaudechantilly.mdw.ovh\/en\/wp-json\/wp\/v2\/pages\/4567"}],"wp:featuredmedia":[{"embeddable":true,"href":"https:\/\/chateaudechantilly.mdw.ovh\/en\/wp-json\/wp\/v2\/media\/5901"}],"wp:attachment":[{"href":"https:\/\/chateaudechantilly.mdw.ovh\/en\/wp-json\/wp\/v2\/media?parent=7513"}],"curies":[{"name":"wp","href":"https:\/\/api.w.org\/{rel}","templated":true}]}}